{"id":21,"date":"2018-01-30T19:03:25","date_gmt":"2018-01-30T19:03:25","guid":{"rendered":"http:\/\/www.jasimmohammedabed.com\/?page_id=21"},"modified":"2025-02-13T16:42:49","modified_gmt":"2025-02-13T13:42:49","slug":"ana-sayfa","status":"publish","type":"page","link":"https:\/\/www.jasimabed.com\/?page_id=21&lang=tr","title":{"rendered":"Ana Sayfa"},"content":{"rendered":"<div id=\"pl-21\"  class=\"panel-layout\" ><div id=\"pg-21-0\"  class=\"panel-grid panel-no-style\" ><div id=\"pgc-21-0-0\"  class=\"panel-grid-cell\" ><div id=\"panel-21-0-0-0\" class=\"so-panel widget widget_phpeverywherewidget phpeverywherewidget panel-first-child panel-last-child\" data-index=\"0\" ><h3 class=\"widget-title\"> <\/h3><div align=\"center\"><table id=\"jmasbaswidth57\" border=\"0\" width=\"100%\" cellspacing=\"0\" cellpadding=\"0\"><tr><td><\/td><\/tr><\/table>\r\n<p id=\"demo\"  style=\"display:none;\"><\/p><span style=\"font-size:13.0pt;\" dir=\"rtl\">\u0645\u062e\u062a\u0627\u0631\u0627\u062a - Se&ccedil;ilmi&#351; - Selections<\/span><br>\r\n<iframe id=\"jmayotuif57\" src=\"https:\/\/abs.jasimabed.com\/video\/?ytv=P5v0gynXSKk&ytl=PLTP-WEKCtOk7D9UOJCElMTvC-HdKytudB\" style=\"display: block; height: 320; width: 565; border: none; background: #DBE4D1;\" frameborder=\"0\" loading=\"lazy\" allow=\"accelerometer; clipboard-write; encrypted-media; gyroscope; picture-in-picture; web-share\" referrerpolicy=\"strict-origin-when-cross-origin\" allowfullscreen><\/iframe>\r\n<\/div><script>\r\nlet jmastTmsv057;\r\nfunction jmastTmsv157() {\r\njmastTmsv057 = setInterval(function () {\r\nvar rat = screen.availWidth \/ screen.availHeight ;\r\nvar brat = 1920 \/ 1080 ;\r\nvar binw = jmasbaswidth57.offsetWidth ;\r\nvar bvw = binw ; \/\/window.innerWidth  ; window.innerWidth\r\nlet bvh = Math.floor(binw  * 1080 \/ 1920) ;\r\nlet bvho = window.innerHeight ;\r\nlet bvhd = bvh - bvho ;\r\nvar bvw2 = bvw ;\r\nvar bvh2 = bvh ;\r\nif( bvhd > 0 )\r\n\t{\r\n        var bvw2 = Math.floor(window.innerHeight * 1920 \/ 1080) ;\r\n        var bvh2 = window.innerHeight ;\r\n        }\r\ndocument.getElementById(\"demo\").innerHTML = jmasbaswidth57.offsetWidth + \"<hr>\" + bvw2 + 'X' + bvh2 ; \/\/\"Video W= \" +  bvw + \" X H= \" +  bvh   + '<hr>' + bvho + '<hr>' + bvhd + '  ' + '==>' + '  ' + bvw2 + '  ' + bvh2  ;  \/\/  \"Rat. :\" + rat + ' ; ' + \"BRat : \" + brat + \"Screen Width: \" + screen.width + ' ; ' + \"Screen Height: \" + screen.height + ' ; ' + \/\/\"Screen Avail Width: \" + screen.availWidth + ' ; ' + \/\/\"Screen Avail Height: \" + screen.availHeight + ' ; ' +  '<hr>' +  \/\/ \/\/\r\ndocument.getElementById(\"jmayotuif57\").style.width  = bvw2 + \"px\" ;\r\ndocument.getElementById(\"jmayotuif57\").style.height = bvh2 + \"px\" ;\r\n}, 500); }\r\njmastTmsv157() ;\r\n<\/script>\r\n\r\n<\/div><\/div><\/div><div id=\"pg-21-1\"  class=\"panel-grid panel-no-style\" ><div id=\"pgc-21-1-0\"  class=\"panel-grid-cell\" ><div id=\"panel-21-1-0-0\" class=\"widget_text so-panel widget widget_custom_html panel-first-child panel-last-child\" data-index=\"1\" ><div class=\"textwidget custom-html-widget\"><script langauge=\"javascript\">\nlet cars2 = [\"202411060001_ads01.jpg\", \"202411060002_ads02.jpg\", \"202411060003_ads03.jpg\"];\nlet i = 0 ;\n\nfunction refreshDivjm() {\n    document.getElementById(\"streamTitlejm\").innerHTML = '<img decoding=\"async\" src=\"https:\/\/fg.jasimabed.net\/?gurl=https:\/\/archive.org\/download\/multi_lang_lib\/' + cars2[i] + '\" width=\"\" height=\"\" alt=\"\" border=0>' ;\n    i++;\n    if(i == cars2.length) {i = 0 ;}\n    }\n\nwindow.setInterval(refreshDivjm, 5000);\n<\/script>\n<a target=\"blank\" href=\"https:\/\/hostinger.ae?REFERRALCODE=1JASIM53\"><div id=\"streamTitlejm\"><img decoding=\"async\" src=\"https:\/\/fg.jasimabed.net\/?gurl=https:\/\/archive.org\/download\/multi_lang_lib\/202411060003_ads03.jpg\" width=\"\" height=\"\" alt=\"\" border=0><\/div><\/a>\n<\/div><\/div><\/div><\/div><div id=\"pg-21-2\"  class=\"panel-grid panel-no-style\" ><div id=\"pgc-21-2-0\"  class=\"panel-grid-cell\" ><div id=\"panel-21-2-0-0\" class=\"widget_text so-panel widget widget_custom_html panel-first-child panel-last-child\" data-index=\"2\" ><div class=\"textwidget custom-html-widget\"><a target=\"_top\" style=\"color: rgb(44, 51, 56); text-decoration: none; font-family: -apple-system, BlinkMacSystemFont, &quot;Segoe UI&quot;, Roboto, Oxygen-Sans, Ubuntu, Cantarell, &quot;Helvetica Neue&quot;, sans-serif; font-size: 22px; font-style: normal; font-variant-ligatures: normal; font-variant-caps: normal; font-weight: 600; letter-spacing: normal; orphans: 2; text-align: start; text-indent: 0px; text-transform: none; white-space: normal; widows: 2; word-spacing: 0px; -webkit-text-stroke-width: 0px; background-color: rgb(255, 255, 255);\" href=\"https:\/\/www.jasimabed.com\/?page_id=41035&lang=tr\">\n<p>Bazen ...<\/p>\n<p>\n<img decoding=\"async\" border=\"0\" src=\"https:\/\/fg.jasimabed.net\/?gurl=https:\/\/archive.org\/download\/multi_lang_lib\/202410260001_2233.jpg\" width=\"100%\"><\/p><\/a>\n\n<\/div><\/div><\/div><\/div><div id=\"pg-21-3\"  class=\"panel-grid panel-no-style\" ><div id=\"pgc-21-3-0\"  class=\"panel-grid-cell\" ><div id=\"panel-21-3-0-0\" class=\"widget_text so-panel widget widget_custom_html panel-first-child panel-last-child\" data-index=\"3\" ><div class=\"textwidget custom-html-widget\"><p><b><font size=\"6\" face=\"Adobe Arabic\" color=\"#CC3300\">Son G&ouml;nderiler<\/font><\/b><\/p>\n<a target=\"_top\" style=\"color: rgb(44, 51, 56); text-decoration: none; font-family: -apple-system, BlinkMacSystemFont, &quot;Segoe UI&quot;, Roboto, Oxygen-Sans, Ubuntu, Cantarell, &quot;Helvetica Neue&quot;, sans-serif; font-size: 22px; font-style: normal; font-variant-ligatures: normal; font-variant-caps: normal; font-weight: 600; letter-spacing: normal; orphans: 2; text-align: start; text-indent: 0px; text-transform: none; white-space: normal; widows: 2; word-spacing: 0px; -webkit-text-stroke-width: 0px; background-color: rgb(255, 255, 255);\" href=\"https:\/\/www.jasimabed.com\/?page_id=41145&lang=tr\">\n<p>Kur\u2019an-\u0131 Kerim ve anlamlar\u0131n\u0131n terc\u00fcmesi<\/p>\n<p>\n<img decoding=\"async\" border=\"0\" src=\"https:\/\/www.jasimabed.com\/wp-content\/uploads\/2024\/11\/mlicon01.jpg\" width=\"100%\"><\/p><\/a><\/div><\/div><\/div><\/div><div id=\"pg-21-4\"  class=\"panel-grid panel-no-style\" ><div id=\"pgc-21-4-0\"  class=\"panel-grid-cell\" ><div id=\"panel-21-4-0-0\" class=\"widget_text so-panel widget widget_custom_html panel-first-child panel-last-child\" data-index=\"4\" ><div class=\"textwidget custom-html-widget\"><a target=\"_top\" style=\"color: rgb(44, 51, 56); text-decoration: none; font-family: -apple-system, BlinkMacSystemFont, &quot;Segoe UI&quot;, Roboto, Oxygen-Sans, Ubuntu, Cantarell, &quot;Helvetica Neue&quot;, sans-serif; font-size: 22px; font-style: normal; font-variant-ligatures: normal; font-variant-caps: normal; font-weight: 600; letter-spacing: normal; orphans: 2; text-align: start; text-indent: 0px; text-transform: none; white-space: normal; widows: 2; word-spacing: 0px; -webkit-text-stroke-width: 0px; background-color: rgb(255, 255, 255);\" href=\"https:\/\/www.jasimabed.com\/?page_id=41097&lang=tr\">\n<p>Ben M\u00fcsl\u00fcman\u0131m<\/p>\n<p>\n<img decoding=\"async\" border=\"0\" src=\"https:\/\/fg.jasimabed.net\/?gurl=https:\/\/archive.org\/download\/20_20231219\/202411070001_artren_ana_muslim.jpg\" width=\"100%\"><\/p><\/a><\/div><\/div><\/div><\/div><div id=\"pg-21-5\"  class=\"panel-grid panel-no-style\" ><div id=\"pgc-21-5-0\"  class=\"panel-grid-cell\" ><div id=\"panel-21-5-0-0\" class=\"widget_text so-panel widget widget_custom_html panel-first-child panel-last-child\" data-index=\"5\" ><div class=\"textwidget custom-html-widget\"><a target=\"_top\" style=\"color: rgb(44, 51, 56); text-decoration: none; font-family: -apple-system, BlinkMacSystemFont, &quot;Segoe UI&quot;, Roboto, Oxygen-Sans, Ubuntu, Cantarell, &quot;Helvetica Neue&quot;, sans-serif; font-size: 22px; font-style: normal; font-variant-ligatures: normal; font-variant-caps: normal; font-weight: 600; letter-spacing: normal; orphans: 2; text-align: start; text-indent: 0px; text-transform: none; white-space: normal; widows: 2; word-spacing: 0px; -webkit-text-stroke-width: 0px; background-color: rgb(255, 255, 255);\" href=\"https:\/\/www.jasimabed.com\/?page_id=41008&lang=tr\">\n<p>\u0130slam\u2019\u0131 Anlamak \u0130\u00e7in K\u0131sa Bir Resimli K\u0131lavuz<\/p>\n<p>\n<img decoding=\"async\" border=\"0\" src=\"https:\/\/fg.jasimabed.net\/?gurl=https:\/\/archive.org\/download\/multi_lang_lib\/202410220002_tr_brief-illustrated-islam.png\" width=\"100%\"><\/p><\/a><\/div><\/div><\/div><\/div><div id=\"pg-21-6\"  class=\"panel-grid panel-no-style\" ><div id=\"pgc-21-6-0\"  class=\"panel-grid-cell\" ><div id=\"panel-21-6-0-0\" class=\"widget_text so-panel widget widget_custom_html panel-first-child panel-last-child\" data-index=\"6\" ><div class=\"textwidget custom-html-widget\"><a target=\"_top\" style=\"color: rgb(44, 51, 56); text-decoration: none; font-family: -apple-system, BlinkMacSystemFont, &quot;Segoe UI&quot;, Roboto, Oxygen-Sans, Ubuntu, Cantarell, &quot;Helvetica Neue&quot;, sans-serif; font-size: 22px; font-style: normal; font-variant-ligatures: normal; font-variant-caps: normal; font-weight: 600; letter-spacing: normal; orphans: 2; text-align: start; text-indent: 0px; text-transform: none; white-space: normal; widows: 2; word-spacing: 0px; -webkit-text-stroke-width: 0px; background-color: rgb(255, 255, 255);\" href=\"https:\/\/www.jasimabed.com\/?page_id=40969&lang=tr\">\n<p>S\u0131rlar K\u00fct\u00fcphanesi ve \u201cKaranl\u0131k \u00c7a\u011flar\u201d<\/p>\n<p>\n<img loading=\"lazy\" decoding=\"async\" border=\"0\" src=\"https:\/\/img.youtube.com\/vi\/ZZNg5-FdYiI\/maxresdefault.jpg\" width=\"1280\" height=\"720\"><\/p><\/a><\/div><\/div><\/div><\/div><div id=\"pg-21-7\"  class=\"panel-grid panel-no-style\" ><div id=\"pgc-21-7-0\"  class=\"panel-grid-cell\" ><div id=\"panel-21-7-0-0\" class=\"widget_text so-panel widget widget_custom_html panel-first-child panel-last-child\" data-index=\"7\" ><div class=\"textwidget custom-html-widget\"><table border=\"1\" width=\"100%\" bordercolorlight=\"#000000\" cellspacing=\"0\" cellpadding=\"0\">\n\t<tr><td align=\"center\"><a href=\"https:\/\/www.jasimabed.com\/?page_id=40940&lang=tr\"><img decoding=\"async\" src=\"https:\/\/www.jasimabed.com\/wp-content\/uploads\/2024\/09\/2024-09-11_181042.jpg\" style=\"top:0px;\" alt=\"\"><\/a><\/td>\t<\/tr>\n\t<tr><td><p dir=\"ltr\"><span lang=\"en-us\">\n\t\t<a href=\"https:\/\/www.jasimabed.com\/?page_id=40940&lang=tr\" style=\"text-decoration: none; font-weight: 700\">\n\t\t\t<font color=\"#CC3300\" face=\"Calibri\" size=\"4\">JASIMABED.COM<\/font><\/a><\/span><\/p><\/td><\/tr>\n\t<tr><td><font face=\"Adobe Arabic\" size=\"5\"><b>\n\t\t<a href=\"https:\/\/www.jasimabed.com\/?page_id=40940&lang=tr\" style=\"text-decoration: none\">\n\t\t<font color=\"#000000\">Kurtulman\u0131n anahtarlar\u0131 - M\u00dcH. JAS\u0130M MOHAMMED ABED<\/font><\/a><\/b><\/font><\/td><\/tr>\n\t<tr><td><p align=\"justify\"><b>\n\t<font face=\"Adobe Arabic\" size=\"5\">\n\t\t\t<a href=\"https:\/\/www.jasimabed.com\/?page_id=40940&lang=tr\" style=\"text-decoration: none\">\n\t\t\t<font color=\"#000000\">Kurtulman\u0131n anahtarlar\u0131 <\/font> <font color=\"#800000\">https:\/\/www.jasimabed.com\/?page_id=40940&lang=tr<\/font><br>\n\t\t\t\t<font color=\"#000000\">\u015eiddetli s\u0131k\u0131nt\u0131dan kurtulmak i\u00e7in ne yapmal\u0131y\u0131m?!! <br>10 \u015fey ki, Cenab-\u0131 Hakk'\u0131n izniyle yaparsak her t\u00fcrl\u00fc musibetten kurtuluruz: \n\t\t\t\t<\/font><\/a>\n\t\t\t\t\t\t<\/font><\/b><\/p><\/td><\/tr>\n<\/table><\/div><\/div><\/div><\/div><div id=\"pg-21-8\"  class=\"panel-grid panel-no-style\" ><div id=\"pgc-21-8-0\"  class=\"panel-grid-cell\" ><div id=\"panel-21-8-0-0\" class=\"widget_text so-panel widget widget_custom_html panel-first-child panel-last-child\" data-index=\"8\" ><div class=\"textwidget custom-html-widget\"><table border=\"1\" width=\"100%\" bordercolorlight=\"#000000\" cellspacing=\"0\" cellpadding=\"0\">\n\t<tr><td align=\"center\"><a href=\"https:\/\/www.jasimabed.com\/?page_id=40873&lang=tr\"><img decoding=\"async\" src=\"https:\/\/www.jasimabed.com\/wp-content\/uploads\/2024\/08\/2024-08-25_215866.jpg\" style=\"top:0px;\" alt=\"\"><\/a><\/td>\t<\/tr>\n\t<tr><td><p dir=\"ltr\"><span lang=\"en-us\">\n\t\t<a href=\"https:\/\/www.jasimabed.com\/?page_id=40873&lang=tr\" style=\"text-decoration: none; font-weight: 700\">\n\t\t\t<font color=\"#CC3300\" face=\"Calibri\" size=\"4\">JASIMABED.COM<\/font><\/a><\/span><\/p><\/td><\/tr>\n\t<tr><td><font face=\"Adobe Arabic\" size=\"5\"><b>\n\t\t<a href=\"https:\/\/www.jasimabed.com\/?page_id=40873&lang=tr\" style=\"text-decoration: none\">\n\t\t<font color=\"#000000\">O s\u00f6yledi\u011fimiz dualar\u0131n nereye gitti\u011fini ve Ar\u015f\u2019\u0131n etraf\u0131ndaki tavaflar\u0131n\u0131n s\u0131rr\u0131n\u0131n ne oldu\u011funu biliyor musunuz? - M\u00dcH. JAS\u0130M MOHAMMED ABED<\/font><\/a><\/b><\/font><\/td><\/tr>\n\t<tr><td><p align=\"justify\"><b>\n\t<font face=\"Adobe Arabic\" size=\"5\">\n\t\t\t<a href=\"https:\/\/www.jasimabed.com\/?page_id=40873&lang=tr\" style=\"text-decoration: none\">\n\t\t\t<font color=\"#000000\">O s\u00f6yledi\u011fimiz dualar\u0131n nereye gitti\u011fini ve Ar\u015f\u2019\u0131n etraf\u0131ndaki tavaflar\u0131n\u0131n s\u0131rr\u0131n\u0131n ne oldu\u011funu biliyor musunuz?<\/font> <font color=\"#800000\">https:\/\/www.jasimabed.com\/?page_id=40873&lang=tr<\/font><br>\n\t\t\t\t<font color=\"#000000\">O s\u00f6yledi\u011fimiz dualar\u0131n nereye gitti\u011fini ve Ar\u015f\u2019\u0131n etraf\u0131ndaki tavaflar\u0131n\u0131n s\u0131rr\u0131n\u0131n ne oldu\u011funu biliyor musunuz?. \n\t\t\t\t<\/font><\/a>\n\t\t\t\t\t\t<\/font><\/b><\/p><\/td><\/tr>\n<\/table><\/div><\/div><\/div><\/div><div id=\"pg-21-9\"  class=\"panel-grid panel-no-style\" ><div id=\"pgc-21-9-0\"  class=\"panel-grid-cell\" ><div id=\"panel-21-9-0-0\" class=\"widget_text so-panel widget widget_custom_html panel-first-child panel-last-child\" data-index=\"9\" ><div class=\"textwidget custom-html-widget\"><table border=\"1\" width=\"100%\" bordercolorlight=\"#000000\" cellspacing=\"0\" cellpadding=\"0\">\n\t<tr><td align=\"center\"><a href=\"https:\/\/www.jasimabed.com\/?page_id=40594&lang=tr\"><img decoding=\"async\" src=\"https:\/\/abs.jasimabed.com\/booksviewer\/images\/2.jpg\" style=\"top:0px;\" alt=\"\"><\/a><\/td>\t<\/tr>\n\t<tr><td><p dir=\"ltr\"><span lang=\"en-us\">\n\t\t<a href=\"https:\/\/www.jasimabed.com\/?page_id=40594&lang=tr\" style=\"text-decoration: none; font-weight: 700\">\n\t\t\t<font color=\"#CC3300\" face=\"Calibri\" size=\"4\">JASIMABED.COM<\/font><\/a><\/span><\/p><\/td><\/tr>\n\t<tr><td><font face=\"Adobe Arabic\" size=\"5\"><b>\n\t\t<a href=\"https:\/\/www.jasimabed.com\/?page_id=40594&lang=tr\" style=\"text-decoration: none\">\n\t\t<font color=\"#000000\">Ad\u0131m Ad\u0131m T\u00fcrk\u00e7e \u00d6\u011frenme ve \u00d6\u011fretme: Birinci Ad\u0131m: Okuma ve yazma - M\u00dcH. JAS\u0130M MOHAMMED ABED<\/font><\/a><\/b><\/font><\/td><\/tr>\n\t<tr><td><p align=\"justify\"><b>\n\t<font face=\"Adobe Arabic\" size=\"5\">\n\t\t\t<a href=\"https:\/\/www.jasimabed.com\/?page_id=40594&lang=tr\" style=\"text-decoration: none\">\n\t\t\t<font color=\"#000000\">Ad\u0131m Ad\u0131m T\u00fcrk\u00e7e \u00d6\u011frenme ve \u00d6\u011fretme: Birinci Ad\u0131m: Okuma ve yazma<\/font> <font color=\"#800000\">https:\/\/abs.jasimabed.com\/#okumayazma<\/font><br>\n\t\t\t\t<font color=\"#000000\">Kitap i\u00e7eri\u011fi: T\u00fcrk alfabesi \u2013 T\u00fcrk harflerinin telaffuz kurallar\u0131 ve temelleri \u2013 T\u00fcrk alfabesi kurallar\u0131 \u2013 Hecelemek \u2013 Ses tonu \u2013 HECE D\u00dc\u015eMES\u0130 \u2013 Bile\u015fik kelimelerden sesli harflerin \u00e7\u0131kar\u0131lmas\u0131 \u2013 Okuma Al\u0131\u015ft\u0131rmalar\u0131 \u2013 T\u00fcrk\u00e7e yaz\u0131n\u0131n kurallar\u0131 ve temelleri. \n\t\t\t\t<\/font><\/a>\n\t\t\t\t\t\t<\/font><\/b><\/p><\/td><\/tr>\n<\/table><\/div><\/div><\/div><\/div><div id=\"pg-21-10\"  class=\"panel-grid panel-no-style\" ><div id=\"pgc-21-10-0\"  class=\"panel-grid-cell\" ><div id=\"panel-21-10-0-0\" class=\"widget_text so-panel widget widget_custom_html panel-first-child panel-last-child\" data-index=\"10\" ><div class=\"textwidget custom-html-widget\"><table border=\"1\" width=\"100%\" bordercolorlight=\"#000000\" cellspacing=\"0\" cellpadding=\"0\">\n\t<tr><td align=\"center\"><a href=\"https:\/\/www.jasimabed.com\/?page_id=40579&lang=tr\"><img decoding=\"async\" src=\"https:\/\/www.jasimabed.com\/wp-content\/uploads\/2020\/07\/200450001.jpg\" style=\"top:0px;\" alt=\"\" width=\"100%\" height=\"250\"><\/a><\/td>\t<\/tr>\n\t<tr><td><p dir=\"ltr\"><span lang=\"en-us\">\n\t\t<a href=\"https:\/\/www.jasimabed.com\/?page_id=40579&lang=tr\" style=\"text-decoration: none; font-weight: 700\">\n\t\t\t<font color=\"#CC3300\" face=\"Calibri\" size=\"4\">JASIMABED.COM<\/font><\/a><\/span><\/p><\/td><\/tr>\n\t<tr><td><font face=\"Adobe Arabic\" size=\"5\"><b>\n\t\t<a href=\"https:\/\/www.jasimabed.com\/?page_id=40579&lang=tr\" style=\"text-decoration: none\">\n\t\t<font color=\"#000000\">Yerel sunucu - M\u00dcH. JAS\u0130M MOHAMMED ABED<\/font><\/a><\/b><\/font><\/td><\/tr>\n\t<tr><td><p align=\"justify\"><b>\n\t<font face=\"Adobe Arabic\" size=\"5\">\n\t\t\t<a href=\"https:\/\/www.jasimabed.com\/?page_id=40579&lang=tr\" style=\"text-decoration: none\">\n\t\t\t<font color=\"#000000\">Yerel sunucu<\/font> <font color=\"#800000\">https:\/\/abs.jasimabed.com\/#localserver<\/font><br>\n\t\t\t\t<font color=\"#000000\">Yerel sunucunun tan\u0131t\u0131lmas\u0131 ve nas\u0131l olu\u015fturulaca\u011f\u0131, i\u015flevini yerine getiren baz\u0131 programlar\u0131n kurulmas\u0131, \u00f6zelliklerinin \u00f6\u011frenilmesi, yerel sunucunun \u00e7al\u0131\u015ft\u0131r\u0131lmas\u0131, bile\u015fenlerinin \u00f6\u011frenilmesi, veritaban\u0131 y\u00f6neticisinin b\u00f6l\u00fcmlerine g\u00f6z at\u0131lmas\u0131 ve deneysel sayfalar\u0131n olu\u015fturulmas\u0131, yerel sunucu ile a\u011f sunucusu aras\u0131nda bir kar\u015f\u0131la\u015ft\u0131rma. \n\t\t\t\t<\/font><\/a>\n\t\t\t\t\t\t<\/font><\/b><\/p><\/td><\/tr>\n<\/table><\/div><\/div><\/div><\/div><div id=\"pg-21-11\"  class=\"panel-grid panel-no-style\" ><div id=\"pgc-21-11-0\"  class=\"panel-grid-cell\" ><\/div><\/div><div id=\"pg-21-12\"  class=\"panel-grid panel-no-style\" ><div id=\"pgc-21-12-0\"  class=\"panel-grid-cell\" ><div id=\"panel-21-12-0-0\" class=\"so-panel widget widget_phpeverywherewidget phpeverywherewidget panel-first-child panel-last-child\" data-index=\"12\" ><h3 class=\"widget-title\"> <\/h3><div>\n<blockquote><p dir=\"RTL\" align=\"justify\"><b><font color=\"#800000\" face=\"Adobe Arabic\" size=\"6\">&#1582;&#1584; &#1576;&#1602;&#1583;&#1585; &#1605;&#1575; &#1578;&#1587;&#1578;&#1591;&#1610;&#1593; &#1571;&#1606;\n&#1578;&#1587;&#1578;&#1607;&#1604;&#1603;! &#1604;&#1575; &#1578;&#1585;&#1605;&#1610; &#1582;&#1576;&#1586;&#1603; &#1601;&#1610; &#1587;&#1604;&#1577; &#1575;&#1604;&#1605;&#1607;&#1605;&#1604;&#1575;&#1578;!<\/font><\/b><\/p>\n<h1 style=\"outline: 0px; text-decoration: none; color: #800000; font-family: Times New Roman; clear: both; font-style: normal; font-variant-ligatures: normal; font-variant-caps: normal; letter-spacing: normal; orphans: 2; text-align: start; text-indent: 0px; text-transform: none; white-space: normal; widows: 2; word-spacing: 0px; -webkit-text-stroke-width: 0px; border: 0px none; margin-left: 0px; margin-right: 0px; margin-top: 0px; margin-bottom: 10px; padding: 0px; \" dir=\"ltr\" align=\"justify\">\n<font size=\"5\">T&uuml;ketebilece&#287;in Kadar Al! Ekme&#287;ini &Ccedil;&ouml;pe Atma!<\/font><\/h1>\n<p dir=\"ltr\" align=\"justify\"><span style=\"font-family: Times New Roman; color: #800000; letter-spacing: normal; font-weight: 700; \">\n<font size=\"5\">Take as much as you can consume! Don't throw your bread in the trash!<\/font><\/span><\/p>\n<\/blockquote><br><hr><\/div><\/div><\/div><\/div><div id=\"pg-21-13\"  class=\"panel-grid panel-no-style\" ><div id=\"pgc-21-13-0\"  class=\"panel-grid-cell\" ><div id=\"panel-21-13-0-0\" class=\"so-panel widget widget_phpeverywherewidget phpeverywherewidget panel-first-child panel-last-child\" data-index=\"13\" ><h3 class=\"widget-title\"> <\/h3><div>\n<div><a href=\"https:\/\/abs.jasimabed.com\/index_trl.php#TurkishLearning\" target=\"_blank\">\n<img decoding=\"async\" src=\"https:\/\/abs.jasimabed.com\/topimftrl.jpg\" style=\"top:0px;\" alt=\"\" width=\"100%\" \/>\n<\/a><\/div>\n<div dir=\"ltr\">https:\/\/abs.jasimabed.com<\/div>\n<div><a href=\"https:\/\/abs.jasimabed.com\/index_trl.php\" target=\"_blank\">\u0645\u0646\u0627\u0647\u062c \u0648\u0645\u0624\u0644\u0641\u0627\u062a \u0648\u0643\u062a\u0628 \u0648\u062f\u0648\u0631\u0627\u062a \u0644\u062a\u0639\u0644\u0651\u0645 \u0648\u062a\u0639\u0644\u064a\u0645 \u0627\u0644\u0644\u0651\u063a\u0629 \u0627\u0644\u062a\u0651\u0631\u0643\u064a\u0651\u0629<\/a><\/div>\n<div><a href=\"https:\/\/abs.jasimabed.com\/index_trl.php#TurkishLearning\" target=\"_blank\">\nT\u00fcrk\u00e7e:<br>\n\u0627\u0644\u0645\u0635\u0627\u062f\u0631 \u0648\u0627\u0644\u0645\u0631\u0627\u062c\u0639 \u0648\u0627\u0644\u0643\u062a\u0628 \u0648\u0627\u0644\u0635\u0648\u062a\u064a\u0627\u062a <br> Kaynaklar, referanslar, kitaplar ve sesler <br> Sources, references, books and audios\n<br>\n\t\u0645\u0646\u0627\u0647\u062c \u0648\u0645\u0624\u0644\u0641\u0627\u062a \u0648\u0643\u062a\u0628 \u0648\u062f\u0648\u0631\u0627\u062a \u0644\u062a\u0639\u0644\u0651\u0645 \u0648\u062a\u0639\u0644\u064a\u0645 \u0627\u0644\u0644\u0651\u063a\u0629 \u0627\u0644\u062a\u0651\u0631\u0643\u064a\u0651\u0629<\/a><\/div>\n<br>\n<div><a href=\"https:\/\/www.youtube.com\/channel\/UCR28-cJIy_O0LsBQ9D6Yo1g\" target=\"_blank\">\n<img decoding=\"async\" src=\"https:\/\/jasimabed.com\/mybooks\/youtube.jpg\"  style=\"top:0px;\" alt=\"\" width=\"100%\" \/>\n\u062a\u0627\u0628\u0639\u0648\u0627 \u0627\u0644\u0642\u0646\u0627\u0629 \u0648\u0627\u0634\u062a\u0631\u0643\u0648\u0627 \u0644\u064a\u0635\u0644\u0643\u0645 \u062c\u062f\u064a\u062f\u0646\u0627 .....<br>\nEn son haberlerimizi almak i\u00e7in kanal\u0131 takip edin ve abone olun .....<br>\nFollow the channel and subscribe to receive our latest news.....<br>\n<\/a><\/div>\t\n\t\n<\/div>\n\n<\/div><\/div><\/div><div id=\"pg-21-14\"  class=\"panel-grid panel-no-style\" ><div id=\"pgc-21-14-0\"  class=\"panel-grid-cell\" >\n\t\t<div id=\"panel-21-14-0-0\" class=\"so-panel widget widget_recent-posts widget_recent_entries panel-first-child panel-last-child\" data-index=\"14\" >\n\t\t<h3 class=\"widget-title\">Recent Posts<\/h3>\n\t\t<ul>\n\t\t\t\t\t\t\t\t\t\t\t<li>\n\t\t\t\t\t<a href=\"https:\/\/www.jasimabed.com\/?p=40445\">\u0633\u064e\u0646\u064e\u0627\u0628\u0650\u0644\u064f \u0627\u0644\u0652\u062d\u064e\u0633\u064e\u0646\u064e\u0627\u062a\u0650 &#8230; \u0627\u0644\u0623\u064e\u0639\u0652\u0645\u064e\u0627\u0644\u064f \u0630\u064e\u0648\u064e\u0627\u062a\u064f \u0627\u0644\u0623\u064f\u062c\u064f\u0648\u0631\u0650 \u0627\u0644\u0645\u064f\u0636\u064e\u0627\u0639\u064e\u0641\u064e\u0627\u062a\u0650<\/a>\n\t\t\t\t\t\t\t\t\t<\/li>\n\t\t\t\t\t\t\t\t\t\t\t<li>\n\t\t\t\t\t<a href=\"https:\/\/www.jasimabed.com\/?p=40437\">\u0633\u064e\u0646\u064e\u0627\u0628\u0650\u0644\u064f \u0627\u0644\u0652\u062d\u064e\u0633\u064e\u0646\u064e\u0627\u062a\u0650 &#8230; \u0627\u0644\u0623\u064e\u0639\u0652\u0645\u064e\u0627\u0644\u064f \u0630\u064e\u0648\u064e\u0627\u062a\u064f \u0627\u0644\u0623\u064f\u062c\u064f\u0648\u0631\u0650 \u0627\u0644\u0645\u064f\u0636\u064e\u0627\u0639\u064e\u0641\u064e\u0627\u062a\u0650<\/a>\n\t\t\t\t\t\t\t\t\t<\/li>\n\t\t\t\t\t\t\t\t\t\t\t<li>\n\t\t\t\t\t<a href=\"https:\/\/www.jasimabed.com\/?p=40431\">\u0627\u0644\u0648\u064e\u062c\u0650\u064a\u0632\u064f \u0641\u064a \u062a\u064e\u0635\u0652\u0631\u0650\u064a\u0641\u0650 \u0627\u0644\u0623\u064e\u0632\u0652\u0645\u0650\u0646\u064e\u0629\u0650 \u0641\u064a \u0627\u0644\u0644\u0651\u064f\u063a\u064e\u0629\u0650 \u0627\u0644\u062a\u0651\u064f\u0631\u0652\u0643\u0650\u064a\u0651\u064e\u0629\u0650 T\u00fcrk\u00e7ede Zamanlar\u0131n K\u0131saca \u00d6zeti<\/a>\n\t\t\t\t\t\t\t\t\t<\/li>\n\t\t\t\t\t\t\t\t\t\t\t<li>\n\t\t\t\t\t<a href=\"https:\/\/www.jasimabed.com\/?p=40422&#038;lang=tr\">T\u00fcrk\u00e7ede En \u00c7ok Kullan\u0131lan Fiiller<\/a>\n\t\t\t\t\t\t\t\t\t<\/li>\n\t\t\t\t\t\t\t\t\t\t\t<li>\n\t\t\t\t\t<a href=\"https:\/\/www.jasimabed.com\/?p=40418\">\u0627\u0644\u0623\u064e\u0641\u0652\u0639\u064e\u0627\u0644\u064f \u0627\u0644\u0623\u064e\u0643\u0652\u062b\u064e\u0631\u064f \u0627\u0633\u0652\u062a\u0650\u062e\u0652\u062f\u064e\u0627\u0645\u064b\u0627 \u0641\u064a \u0627\u0644\u0644\u0651\u064f\u063a\u064e\u0629\u0650 \u0627\u0644\u062a\u0651\u064f\u0631\u0652\u0643\u0650\u064a\u0640\u0651\u064e\u0629\u0650<\/a>\n\t\t\t\t\t\t\t\t\t<\/li>\n\t\t\t\t\t\t\t\t\t\t\t<li>\n\t\t\t\t\t<a href=\"https:\/\/www.jasimabed.com\/?p=40403\">\u0627\u0644\u062e\u0627\u062f\u0645 \u0627\u0644\u0645\u062d\u0644\u0651\u064a Local Server<\/a>\n\t\t\t\t\t\t\t\t\t<\/li>\n\t\t\t\t\t\t\t\t\t\t\t<li>\n\t\t\t\t\t<a href=\"https:\/\/www.jasimabed.com\/?p=40301&#038;lang=en\">&#8220;An-Nawawi&#8217;s Forty Hadiths&#8221;, with the addition of Ibn Rajab al-Hanbali<\/a>\n\t\t\t\t\t\t\t\t\t<\/li>\n\t\t\t\t\t<\/ul>\n\n\t\t<\/div><\/div><\/div><\/div>","protected":false},"excerpt":{"rendered":"<div class=\"mh-excerpt\"><p>\u0645\u062e\u062a\u0627\u0631\u0627\u062a &#8211; Se&ccedil;ilmi&#351; &#8211; Selections Bazen &#8230; Son G&ouml;nderiler Kur\u2019an-\u0131 Kerim ve anlamlar\u0131n\u0131n terc\u00fcmesi Ben M\u00fcsl\u00fcman\u0131m \u0130slam\u2019\u0131 Anlamak \u0130\u00e7in K\u0131sa Bir Resimli K\u0131lavuz S\u0131rlar K\u00fct\u00fcphanesi <a class=\"mh-excerpt-more\" href=\"https:\/\/www.jasimabed.com\/?page_id=21&#038;lang=tr\" title=\"Ana Sayfa\">[&#8230;]<\/a><\/p>\n<\/div>","protected":false},"author":1,"featured_media":40533,"parent":0,"menu_order":0,"comment_status":"closed","ping_status":"closed","template":"","meta":{"footnotes":""},"class_list":["post-21","page","type-page","status-publish","has-post-thumbnail","hentry"],"_links":{"self":[{"href":"https:\/\/www.jasimabed.com\/index.php?rest_route=\/wp\/v2\/pages\/21","targetHints":{"allow":["GET"]}}],"collection":[{"href":"https:\/\/www.jasimabed.com\/index.php?rest_route=\/wp\/v2\/pages"}],"about":[{"href":"https:\/\/www.jasimabed.com\/index.php?rest_route=\/wp\/v2\/types\/page"}],"author":[{"embeddable":true,"href":"https:\/\/www.jasimabed.com\/index.php?rest_route=\/wp\/v2\/users\/1"}],"replies":[{"embeddable":true,"href":"https:\/\/www.jasimabed.com\/index.php?rest_route=%2Fwp%2Fv2%2Fcomments&post=21"}],"version-history":[{"count":29,"href":"https:\/\/www.jasimabed.com\/index.php?rest_route=\/wp\/v2\/pages\/21\/revisions"}],"predecessor-version":[{"id":41232,"href":"https:\/\/www.jasimabed.com\/index.php?rest_route=\/wp\/v2\/pages\/21\/revisions\/41232"}],"wp:featuredmedia":[{"embeddable":true,"href":"https:\/\/www.jasimabed.com\/index.php?rest_route=\/wp\/v2\/media\/40533"}],"wp:attachment":[{"href":"https:\/\/www.jasimabed.com\/index.php?rest_route=%2Fwp%2Fv2%2Fmedia&parent=21"}],"curies":[{"name":"wp","href":"https:\/\/api.w.org\/{rel}","templated":true}]}}