{"id":29,"date":"2018-01-30T19:27:02","date_gmt":"2018-01-30T19:27:02","guid":{"rendered":"http:\/\/www.jasimmohammedabed.com\/?page_id=29"},"modified":"2024-07-13T18:33:14","modified_gmt":"2024-07-13T15:33:14","slug":"%d8%a7%d9%84%d9%83%d9%8f%d8%aa%d9%8f%d8%a8-%d9%88%d8%a7%d9%84%d9%85%d9%8f%d8%a4%d9%8e%d9%84%d9%91%d9%8e%d9%81%d9%8e%d8%a7%d8%aa%d9%8c","status":"publish","type":"page","link":"https:\/\/www.jasimabed.com\/?page_id=29","title":{"rendered":"\u0643\u064f\u062a\u064f\u0628\u0650\u064a \u0648\u064e\u0645\u064f\u0624\u064e\u0644\u0651\u064e\u0641\u064e\u0627\u062a\u0650\u064a &#8211; \u062c1"},"content":{"rendered":"<div id=\"pl-29\"  class=\"panel-layout\" ><div id=\"pg-29-0\"  class=\"panel-grid panel-no-style\" ><div id=\"pgc-29-0-0\"  class=\"panel-grid-cell\" ><div id=\"panel-29-0-0-0\" class=\"widget_text so-panel widget widget_custom_html panel-first-child panel-last-child\" data-index=\"0\" ><div class=\"textwidget custom-html-widget\"><p align=\"center\">\n<img decoding=\"async\" border=\"0\" src=\"https:\/\/abs.jasimabed.com\/booksviewer\/images\/0.jpg\">\n<\/p>\n<p align=\"center\"><b><font face=\"Adobe Arabic\" size=\"6\">\u0643\u064f\u062a\u064f\u0628\u0650\u064a \u0648\u064e\u0645\u064f\u0624\u064e\u0644\u0651\u064e\u0641\u064e\u0627\u062a\u0650\u064a<\/font><\/b><\/p>\n<hr>\n<p align=\"justify\"><b><font face=\"Adobe Arabic\" size=\"6\">\n\u064a\u062c\u0628 \u0639\u0644\u0649 \u0627\u0644\u0639\u0627\u0644\u0645 \u0623\u0646 \u064a\u0628\u064a\u0646 \u0639\u0644\u0645\u0647 \u0644\u0644\u0646\u0627\u0633 \u0625\u0630\u0627 \u0627\u062d\u062a\u0627\u062c\u0648\u0627 \u0625\u0644\u064a\u0647 \u0633\u0648\u0627\u0621 \u0628\u0627\u0644\u0625\u062c\u0627\u0628\u0629 \u0639\u0644\u0649 \u0623\u0633\u0626\u0644\u062a\u0647\u0645\u060c \u0623\u0648 \u0628\u0628\u064a\u0627\u0646 \u0627\u0644\u0639\u0644\u0645 \u0625\u0630\u0627 \u0627\u062d\u062a\u0627\u062c \u0627\u0644\u0646\u0627\u0633 \u0625\u0644\u064a\u0647\u060c \u0648\u0625\u0646 \u0644\u0645 \u064a\u0633\u0623\u0644\u0648\u0627.\n\t<br>\n\u0648\u0644\u0643\u0644 \u0634\u064a\u0621 \u0632\u0643\u0627\u0629\u060c \u0648\u0632\u0643\u0627\u0629 \u0627\u0644\u0639\u0644\u0645 \u062a\u0643\u0648\u0646 \u0628\u0646\u0634\u0631 \u0627\u0644\u0639\u0644\u0645\u200f\u060c \u0648\u200f\u0627\u0644\u0639\u0645\u0644 \u0628\u0647\u060c \u0648\u0627\u0644\u0635\u062f\u0639 \u0628\u0627\u0644\u062d\u0642\u200f\u060c \u0648\u0627\u0644\u0623\u0645\u0631 \u0628\u0627\u0644\u0645\u0639\u0631\u0648\u0641 \u0648\u0627\u0644\u0646\u0647\u064a \u0639\u0646 \u0627\u0644\u0645\u0646\u0643\u0631.\n<\/font><\/b><\/p>\n<p align=\"center\"><b><font face=\"Adobe Arabic\" size=\"6\"><a target=\"_blank\" href=\"https:\/\/abs.jasimabed.com\">https:\/\/abs.jasimabed.com<\/a><\/font><\/b><\/p>\n<hr><\/div><\/div><\/div><\/div><div id=\"pg-29-1\"  class=\"panel-grid panel-no-style\" ><div id=\"pgc-29-1-0\"  class=\"panel-grid-cell\" ><div id=\"panel-29-1-0-0\" class=\"so-panel widget widget_mh_magazine_lite_posts_focus mh_magazine_lite_posts_focus panel-first-child panel-last-child\" data-index=\"1\" ><div class=\"mh-row mh-posts-focus-widget mh-clearfix\">\n\t\t\t\t\t\t\t<div class=\"mh-col-3-4 mh-posts-focus-wrap mh-posts-focus-inner mh-clearfix\">\r\n\t\t\t\t\t\t\t\t<div class=\"mh-col-3-4 mh-posts-focus-wrap mh-posts-focus-large mh-clearfix\">\r\n\t\t\t\t\t\t\t\t\t<article class=\"post-40445 mh-posts-focus-item mh-posts-focus-item-large mh-clearfix\">\r\n\t\t\t\t\t\t\t\t\t\t<figure class=\"mh-posts-focus-thumb mh-posts-focus-thumb-large\">\r\n\t\t\t\t\t\t\t\t\t\t\t<a href=\"https:\/\/www.jasimabed.com\/?p=40445\" title=\"\u0633\u064e\u0646\u064e\u0627\u0628\u0650\u0644\u064f \u0627\u0644\u0652\u062d\u064e\u0633\u064e\u0646\u064e\u0627\u062a\u0650 &#8230; \u0627\u0644\u0623\u064e\u0639\u0652\u0645\u064e\u0627\u0644\u064f \u0630\u064e\u0648\u064e\u0627\u062a\u064f \u0627\u0644\u0623\u064f\u062c\u064f\u0648\u0631\u0650 \u0627\u0644\u0645\u064f\u0636\u064e\u0627\u0639\u064e\u0641\u064e\u0627\u062a\u0650\"><img loading=\"lazy\" decoding=\"async\" width=\"640\" height=\"480\" src=\"https:\/\/www.jasimabed.com\/wp-content\/uploads\/2020\/11\/200540001.jpg\" class=\"attachment-mh-magazine-lite-large size-mh-magazine-lite-large wp-post-image\" alt=\"\" srcset=\"https:\/\/www.jasimabed.com\/wp-content\/uploads\/2020\/11\/200540001.jpg 640w, https:\/\/www.jasimabed.com\/wp-content\/uploads\/2020\/11\/200540001-300x225.jpg 300w, https:\/\/www.jasimabed.com\/wp-content\/uploads\/2020\/11\/200540001-326x245.jpg 326w, https:\/\/www.jasimabed.com\/wp-content\/uploads\/2020\/11\/200540001-80x60.jpg 80w, https:\/\/www.jasimabed.com\/wp-content\/uploads\/2020\/11\/200540001-600x450.jpg 600w\" sizes=\"auto, (max-width: 640px) 100vw, 640px\" \/>\t\t\t\t\t\t\t\t\t\t\t<\/a>\r\n\t\t\t\t\t\t\t\t\t\t<\/figure>\r\n\t\t\t\t\t\t\t\t\t\t<h3 class=\"mh-posts-focus-title mh-posts-focus-title-large\">\r\n\t\t\t\t\t\t\t\t\t\t\t<a href=\"https:\/\/www.jasimabed.com\/?p=40445\" title=\"\u0633\u064e\u0646\u064e\u0627\u0628\u0650\u0644\u064f \u0627\u0644\u0652\u062d\u064e\u0633\u064e\u0646\u064e\u0627\u062a\u0650 &#8230; \u0627\u0644\u0623\u064e\u0639\u0652\u0645\u064e\u0627\u0644\u064f \u0630\u064e\u0648\u064e\u0627\u062a\u064f \u0627\u0644\u0623\u064f\u062c\u064f\u0648\u0631\u0650 \u0627\u0644\u0645\u064f\u0636\u064e\u0627\u0639\u064e\u0641\u064e\u0627\u062a\u0650\" rel=\"bookmark\">\r\n\t\t\t\t\t\t\t\t\t\t\t\t\u0633\u064e\u0646\u064e\u0627\u0628\u0650\u0644\u064f \u0627\u0644\u0652\u062d\u064e\u0633\u064e\u0646\u064e\u0627\u062a\u0650 &#8230; \u0627\u0644\u0623\u064e\u0639\u0652\u0645\u064e\u0627\u0644\u064f \u0630\u064e\u0648\u064e\u0627\u062a\u064f \u0627\u0644\u0623\u064f\u062c\u064f\u0648\u0631\u0650 \u0627\u0644\u0645\u064f\u0636\u064e\u0627\u0639\u064e\u0641\u064e\u0627\u062a\u0650\t\t\t\t\t\t\t\t\t\t\t<\/a>\r\n\t\t\t\t\t\t\t\t\t\t<\/h3>\r\n\t\t\t\t\t\t\t\t\t\t<div class=\"mh-meta mh-posts-focus-meta mh-posts-focus-meta-large\">\r\n\t\t\t\t\t\t\t\t\t\t\t<span class=\"mh-meta-date updated\"><i class=\"fa fa-clock-o\"><\/i>13\/11\/2020<\/span>\n<span class=\"mh-meta-comments\"><i class=\"fa fa-comment-o\"><\/i><a class=\"mh-comment-count-link\" href=\"https:\/\/www.jasimabed.com\/?p=40445#mh-comments\">0<\/a><\/span>\n\t\t\t\t\t\t\t\t\t\t<\/div>\r\n\t\t\t\t\t\t\t\t\t\t<div class=\"mh-posts-focus-excerpt mh-posts-focus-excerpt-large mh-clearfix\">\r\n\t\t\t\t\t\t\t\t\t\t\t<div class=\"mh-excerpt\"><p>\u0644\u0642\u0631\u0627\u0621\u0629 \u0627\u0644\u0643\u062a\u0627\u0628:https:\/\/sh.jasimabed.com\u062b\u0645 \u0627\u0644\u0636\u063a\u0637 \u0639\u0644\u0649 \u0623\u064a\u0642\u0648\u0646\u0629: [ \u0642\u0631\u0627\u0621\u0629 \u0627\u0644\u0643\u062a\u0627\u0628 ]. \u0631\u0627\u0628\u0637 \u062a\u062d\u0645\u064a\u0644 \u0627\u0644\u0643\u062a\u0627\u0628:https:\/\/sh.jasimabed.com\/?SH=1\u0648\u062a\u062a\u0648\u0641\u0631: \u0646\u0633\u062e\u0629 \u0645\u0644\u0648\u0646\u0629 \u0628\u0627\u0644\u0643\u0627\u0645\u0644. \u0646\u0633\u062e\u0629 \u0623\u0628\u064a\u0636 \u0648\u0623\u0633\u0648\u062f \u0645\u0639 \u063a\u0644\u0627\u0641 \u0645\u0644\u0648\u0646. \u0645\u064e\u0646\u064e\u0635\u0651\u064e\u0629\u064f \u0627\u0644\u0645\u064f\u0633\u0652\u062a\u064e\u0646\u0652\u0635\u0650\u0631\u0650\u064a\u0651\u064e\u0629\u0650 \u0627\u0644\u062a\u064e\u0639\u0652\u0644\u0650\u064a\u0645\u064a\u0651\u064e\u0629\u0650 \u0644\u0650\u0644\u062a\u0651\u064e\u0639\u064e\u0644\u064f\u0645\u0650 <a class=\"mh-excerpt-more\" href=\"https:\/\/www.jasimabed.com\/?p=40445\" title=\"\u0633\u064e\u0646\u064e\u0627\u0628\u0650\u0644\u064f \u0627\u0644\u0652\u062d\u064e\u0633\u064e\u0646\u064e\u0627\u062a\u0650 &#8230; \u0627\u0644\u0623\u064e\u0639\u0652\u0645\u064e\u0627\u0644\u064f \u0630\u064e\u0648\u064e\u0627\u062a\u064f \u0627\u0644\u0623\u064f\u062c\u064f\u0648\u0631\u0650 \u0627\u0644\u0645\u064f\u0636\u064e\u0627\u0639\u064e\u0641\u064e\u0627\u062a\u0650\">[&#8230;]<\/a><\/p>\n<\/div>\t\t\t\t\t\t\t\t\t\t<\/div>\r\n\t\t\t\t\t\t\t\t\t<\/article>\r\n\t\t\t\t\t\t\t\t<\/div><div class=\"mh-col-1-4 mh-posts-focus-wrap mh-posts-focus-small mh-posts-focus-small-inner mh-clearfix\">\n\t\t\t\t\t\t\t<article class=\"post-40437 mh-posts-focus-item mh-posts-focus-item-small mh-clearfix\">\r\n\t\t\t\t\t\t\t\t<figure class=\"mh-posts-focus-thumb mh-posts-focus-thumb-small\">\r\n\t\t\t\t\t\t\t\t\t<a href=\"https:\/\/www.jasimabed.com\/?p=40437\" title=\"\u0633\u064e\u0646\u064e\u0627\u0628\u0650\u0644\u064f \u0627\u0644\u0652\u062d\u064e\u0633\u064e\u0646\u064e\u0627\u062a\u0650 &#8230; \u0627\u0644\u0623\u064e\u0639\u0652\u0645\u064e\u0627\u0644\u064f \u0630\u064e\u0648\u064e\u0627\u062a\u064f \u0627\u0644\u0623\u064f\u062c\u064f\u0648\u0631\u0650 \u0627\u0644\u0645\u064f\u0636\u064e\u0627\u0639\u064e\u0641\u064e\u0627\u062a\u0650\"><img loading=\"lazy\" decoding=\"async\" width=\"326\" height=\"245\" src=\"https:\/\/www.jasimabed.com\/wp-content\/uploads\/2020\/11\/200540001-326x245.jpg\" class=\"attachment-mh-magazine-lite-medium size-mh-magazine-lite-medium wp-post-image\" alt=\"\" srcset=\"https:\/\/www.jasimabed.com\/wp-content\/uploads\/2020\/11\/200540001-326x245.jpg 326w, https:\/\/www.jasimabed.com\/wp-content\/uploads\/2020\/11\/200540001-300x225.jpg 300w, https:\/\/www.jasimabed.com\/wp-content\/uploads\/2020\/11\/200540001-80x60.jpg 80w, https:\/\/www.jasimabed.com\/wp-content\/uploads\/2020\/11\/200540001-600x450.jpg 600w, https:\/\/www.jasimabed.com\/wp-content\/uploads\/2020\/11\/200540001.jpg 640w\" sizes=\"auto, (max-width: 326px) 100vw, 326px\" \/>\t\t\t\t\t\t\t\t\t<\/a>\r\n\t\t\t\t\t\t\t\t<\/figure>\r\n\t\t\t\t\t\t\t\t<h3 class=\"mh-posts-focus-title mh-posts-focus-title-small\">\r\n\t\t\t\t\t\t\t\t\t<a href=\"https:\/\/www.jasimabed.com\/?p=40437\" title=\"\u0633\u064e\u0646\u064e\u0627\u0628\u0650\u0644\u064f \u0627\u0644\u0652\u062d\u064e\u0633\u064e\u0646\u064e\u0627\u062a\u0650 &#8230; \u0627\u0644\u0623\u064e\u0639\u0652\u0645\u064e\u0627\u0644\u064f \u0630\u064e\u0648\u064e\u0627\u062a\u064f \u0627\u0644\u0623\u064f\u062c\u064f\u0648\u0631\u0650 \u0627\u0644\u0645\u064f\u0636\u064e\u0627\u0639\u064e\u0641\u064e\u0627\u062a\u0650\" rel=\"bookmark\">\r\n\t\t\t\t\t\t\t\t\t\t\u0633\u064e\u0646\u064e\u0627\u0628\u0650\u0644\u064f \u0627\u0644\u0652\u062d\u064e\u0633\u064e\u0646\u064e\u0627\u062a\u0650 &#8230; \u0627\u0644\u0623\u064e\u0639\u0652\u0645\u064e\u0627\u0644\u064f \u0630\u064e\u0648\u064e\u0627\u062a\u064f \u0627\u0644\u0623\u064f\u062c\u064f\u0648\u0631\u0650 \u0627\u0644\u0645\u064f\u0636\u064e\u0627\u0639\u064e\u0641\u064e\u0627\u062a\u0650\t\t\t\t\t\t\t\t\t<\/a>\r\n\t\t\t\t\t\t\t\t<\/h3>\r\n\t\t\t\t\t\t\t\t<div class=\"mh-meta mh-posts-focus-meta mh-posts-focus-meta-small\">\r\n\t\t\t\t\t\t\t\t\t<span class=\"mh-meta-date updated\"><i class=\"fa fa-clock-o\"><\/i>20\/10\/2020<\/span>\n<span class=\"mh-meta-comments\"><i class=\"fa fa-comment-o\"><\/i><a class=\"mh-comment-count-link\" href=\"https:\/\/www.jasimabed.com\/?p=40437#mh-comments\">0<\/a><\/span>\n\t\t\t\t\t\t\t\t<\/div>\r\n\t\t\t\t\t\t\t\t<div class=\"mh-posts-focus-excerpt mh-posts-focus-excerpt-small mh-clearfix\">\r\n\t\t\t\t\t\t\t\t\t<div class=\"mh-excerpt\"><p>((\u0645\u064e\u0651\u062b\u064e\u0644\u064f \u0627\u0644\u064e\u0651\u0630\u0650\u064a\u0646\u064e \u064a\u064f\u0646\u0641\u0650\u0642\u064f\u0648\u0646\u064e \u0623\u064e\u0645\u0652\u0648\u064e\u0627\u0644\u064e\u0647\u064f\u0645\u0652 \u0641\u0650\u064a \u0633\u064e\u0628\u0650\u064a\u0644\u0650 \u0627\u0644\u0644\u064e\u0651\u0647\u0650 \u0643\u064e\u0645\u064e\u062b\u064e\u0644\u0650 \u062d\u064e\u0628\u064e\u0651\u0629\u064d \u0623\u064e\u0646\u0628\u064e\u062a\u064e\u062a\u0652 \u0633\u064e\u0628\u0652\u0639\u064e \u0633\u064e\u0646\u064e\u0627\u0628\u0650\u0644\u064e \u0641\u0650\u064a \u0643\u064f\u0644\u0650\u0651 \u0633\u064f\u0646\u0628\u064f\u0644\u064e\u0629\u064d \u0645\u0650\u0651\u0627\u0626\u064e\u0629\u064f \u062d\u064e\u0628\u064e\u0651\u0629\u064d \u06d7 \u0648\u064e\u0627\u0644\u0644\u064e\u0651\u0647\u064f \u064a\u064f\u0636\u064e\u0627\u0639\u0650\u0641\u064f \u0644\u0650\u0645\u064e\u0646 \u064a\u064e\u0634\u064e\u0627\u0621\u064f \u06d7 \u0648\u064e\u0627\u0644\u0644\u064e\u0651\u0647\u064f \u0648\u064e\u0627\u0633\u0650\u0639\u064c <a class=\"mh-excerpt-more\" href=\"https:\/\/www.jasimabed.com\/?p=40437\" title=\"\u0633\u064e\u0646\u064e\u0627\u0628\u0650\u0644\u064f \u0627\u0644\u0652\u062d\u064e\u0633\u064e\u0646\u064e\u0627\u062a\u0650 &#8230; \u0627\u0644\u0623\u064e\u0639\u0652\u0645\u064e\u0627\u0644\u064f \u0630\u064e\u0648\u064e\u0627\u062a\u064f \u0627\u0644\u0623\u064f\u062c\u064f\u0648\u0631\u0650 \u0627\u0644\u0645\u064f\u0636\u064e\u0627\u0639\u064e\u0641\u064e\u0627\u062a\u0650\">[&#8230;]<\/a><\/p>\n<\/div>\t\t\t\t\t\t\t\t<\/div>\r\n\t\t\t\t\t\t\t<\/article>\t\t\t\t\t\t\t<article class=\"post-40431 mh-posts-focus-item mh-posts-focus-item-small mh-clearfix\">\r\n\t\t\t\t\t\t\t\t<figure class=\"mh-posts-focus-thumb mh-posts-focus-thumb-small\">\r\n\t\t\t\t\t\t\t\t\t<a href=\"https:\/\/www.jasimabed.com\/?p=40431\" title=\"\u0627\u0644\u0648\u064e\u062c\u0650\u064a\u0632\u064f \u0641\u064a \u062a\u064e\u0635\u0652\u0631\u0650\u064a\u0641\u0650 \u0627\u0644\u0623\u064e\u0632\u0652\u0645\u0650\u0646\u064e\u0629\u0650 \u0641\u064a \u0627\u0644\u0644\u0651\u064f\u063a\u064e\u0629\u0650 \u0627\u0644\u062a\u0651\u064f\u0631\u0652\u0643\u0650\u064a\u0651\u064e\u0629\u0650 T\u00fcrk\u00e7ede Zamanlar\u0131n K\u0131saca \u00d6zeti\"><img loading=\"lazy\" decoding=\"async\" width=\"326\" height=\"245\" src=\"https:\/\/www.jasimabed.com\/wp-content\/uploads\/2020\/09\/200530001-326x245.jpg\" class=\"attachment-mh-magazine-lite-medium size-mh-magazine-lite-medium wp-post-image\" alt=\"\" srcset=\"https:\/\/www.jasimabed.com\/wp-content\/uploads\/2020\/09\/200530001-326x245.jpg 326w, https:\/\/www.jasimabed.com\/wp-content\/uploads\/2020\/09\/200530001-300x225.jpg 300w, https:\/\/www.jasimabed.com\/wp-content\/uploads\/2020\/09\/200530001-80x60.jpg 80w, https:\/\/www.jasimabed.com\/wp-content\/uploads\/2020\/09\/200530001-600x450.jpg 600w, https:\/\/www.jasimabed.com\/wp-content\/uploads\/2020\/09\/200530001.jpg 640w\" sizes=\"auto, (max-width: 326px) 100vw, 326px\" \/>\t\t\t\t\t\t\t\t\t<\/a>\r\n\t\t\t\t\t\t\t\t<\/figure>\r\n\t\t\t\t\t\t\t\t<h3 class=\"mh-posts-focus-title mh-posts-focus-title-small\">\r\n\t\t\t\t\t\t\t\t\t<a href=\"https:\/\/www.jasimabed.com\/?p=40431\" title=\"\u0627\u0644\u0648\u064e\u062c\u0650\u064a\u0632\u064f \u0641\u064a \u062a\u064e\u0635\u0652\u0631\u0650\u064a\u0641\u0650 \u0627\u0644\u0623\u064e\u0632\u0652\u0645\u0650\u0646\u064e\u0629\u0650 \u0641\u064a \u0627\u0644\u0644\u0651\u064f\u063a\u064e\u0629\u0650 \u0627\u0644\u062a\u0651\u064f\u0631\u0652\u0643\u0650\u064a\u0651\u064e\u0629\u0650 T\u00fcrk\u00e7ede Zamanlar\u0131n K\u0131saca \u00d6zeti\" rel=\"bookmark\">\r\n\t\t\t\t\t\t\t\t\t\t\u0627\u0644\u0648\u064e\u062c\u0650\u064a\u0632\u064f \u0641\u064a \u062a\u064e\u0635\u0652\u0631\u0650\u064a\u0641\u0650 \u0627\u0644\u0623\u064e\u0632\u0652\u0645\u0650\u0646\u064e\u0629\u0650 \u0641\u064a \u0627\u0644\u0644\u0651\u064f\u063a\u064e\u0629\u0650 \u0627\u0644\u062a\u0651\u064f\u0631\u0652\u0643\u0650\u064a\u0651\u064e\u0629\u0650 T\u00fcrk\u00e7ede Zamanlar\u0131n K\u0131saca \u00d6zeti\t\t\t\t\t\t\t\t\t<\/a>\r\n\t\t\t\t\t\t\t\t<\/h3>\r\n\t\t\t\t\t\t\t\t<div class=\"mh-meta mh-posts-focus-meta mh-posts-focus-meta-small\">\r\n\t\t\t\t\t\t\t\t\t<span class=\"mh-meta-date updated\"><i class=\"fa fa-clock-o\"><\/i>12\/09\/2020<\/span>\n<span class=\"mh-meta-comments\"><i class=\"fa fa-comment-o\"><\/i><a class=\"mh-comment-count-link\" href=\"https:\/\/www.jasimabed.com\/?p=40431#mh-comments\">0<\/a><\/span>\n\t\t\t\t\t\t\t\t<\/div>\r\n\t\t\t\t\t\t\t\t<div class=\"mh-posts-focus-excerpt mh-posts-focus-excerpt-small mh-clearfix\">\r\n\t\t\t\t\t\t\t\t\t<div class=\"mh-excerpt\"><p>( \u0645\u064e\u0646\u064e\u0635\u0651\u064e\u0629\u064f \u0627\u0644\u0645\u064f\u0633\u0652\u062a\u064e\u0646\u0652\u0635\u0650\u0631\u0650\u064a\u0651\u064e\u0629\u0650 \u0627\u0644\u062a\u064e\u0639\u0652\u0644\u0650\u064a\u0645\u064a\u0651\u064e\u0629\u0650 \u0644\u0650\u0644\u062a\u0651\u064e\u0639\u064e\u0644\u064f\u0645\u0650 \u0648\u0627\u0644\u062a\u0651\u064e\u0639\u0652\u0644\u0650\u064a\u0645\u0650 \u0627\u0644\u0627\u0650\u0641\u0652\u062a\u0650\u0631\u064e\u0627\u0636\u0650\u064a\u0651 \u0627\u0644\u0645\u064e\u0641\u0652\u062a\u064f\u0648\u062d\u0650 ) \u0648\u064e (\u0645\u064e\u0646\u064e\u0635\u0651\u064e\u0629\u064f \u0628\u064e\u063a\u0652\u062f\u064e\u0627\u062f\u064e \u0627\u0644\u062a\u064e\u0639\u0652\u0644\u0650\u064a\u0645\u064a\u0651\u064e\u0629\u0650 \u0644\u0650\u0644\u062a\u0651\u064e\u0639\u064e\u0644\u064f\u0645\u0650 \u0648\u0627\u0644\u062a\u0651\u064e\u0639\u0652\u0644\u0650\u064a\u0645\u0650 \u0627\u0644\u0627\u0650\u0641\u0652\u062a\u0650\u0631\u064e\u0627\u0636\u0650\u064a\u0651 \u0627\u0644\u0645\u064e\u0641\u0652\u062a\u064f\u0648\u062d\u0650 ) \u062a\u0642\u062f\u0645\u0627\u0646 \u0644\u0643\u0645 \u0645\u0633\u0627\u0642:\u0627\u0644\u0648\u064e\u062c\u0650\u064a\u0632\u064f \u0641\u064a \u062a\u064e\u0635\u0652\u0631\u0650\u064a\u0641\u0650 \u0627\u0644\u0623\u064e\u0632\u0652\u0645\u0650\u0646\u064e\u0629\u0650 \u0641\u064a <a class=\"mh-excerpt-more\" href=\"https:\/\/www.jasimabed.com\/?p=40431\" title=\"\u0627\u0644\u0648\u064e\u062c\u0650\u064a\u0632\u064f \u0641\u064a \u062a\u064e\u0635\u0652\u0631\u0650\u064a\u0641\u0650 \u0627\u0644\u0623\u064e\u0632\u0652\u0645\u0650\u0646\u064e\u0629\u0650 \u0641\u064a \u0627\u0644\u0644\u0651\u064f\u063a\u064e\u0629\u0650 \u0627\u0644\u062a\u0651\u064f\u0631\u0652\u0643\u0650\u064a\u0651\u064e\u0629\u0650 T\u00fcrk\u00e7ede Zamanlar\u0131n K\u0131saca \u00d6zeti\">[&#8230;]<\/a><\/p>\n<\/div>\t\t\t\t\t\t\t\t<\/div>\r\n\t\t\t\t\t\t\t<\/article><\/div>\n<\/div>\n<div class=\"mh-col-1-4 mh-posts-focus-wrap mh-posts-focus-small mh-posts-focus-outer mh-clearfix\">\n\t\t\t\t\t\t\t<article class=\"post-40418 mh-posts-focus-item mh-posts-focus-item-small mh-clearfix\">\r\n\t\t\t\t\t\t\t\t<figure class=\"mh-posts-focus-thumb mh-posts-focus-thumb-small\">\r\n\t\t\t\t\t\t\t\t\t<a href=\"https:\/\/www.jasimabed.com\/?p=40418\" title=\"\u0627\u0644\u0623\u064e\u0641\u0652\u0639\u064e\u0627\u0644\u064f \u0627\u0644\u0623\u064e\u0643\u0652\u062b\u064e\u0631\u064f \u0627\u0633\u0652\u062a\u0650\u062e\u0652\u062f\u064e\u0627\u0645\u064b\u0627 \u0641\u064a \u0627\u0644\u0644\u0651\u064f\u063a\u064e\u0629\u0650 \u0627\u0644\u062a\u0651\u064f\u0631\u0652\u0643\u0650\u064a\u0640\u0651\u064e\u0629\u0650\"><img loading=\"lazy\" decoding=\"async\" width=\"326\" height=\"245\" src=\"https:\/\/www.jasimabed.com\/wp-content\/uploads\/2020\/08\/Cover-page-001-326x245.jpg\" class=\"attachment-mh-magazine-lite-medium size-mh-magazine-lite-medium wp-post-image\" alt=\"\" srcset=\"https:\/\/www.jasimabed.com\/wp-content\/uploads\/2020\/08\/Cover-page-001-326x245.jpg 326w, https:\/\/www.jasimabed.com\/wp-content\/uploads\/2020\/08\/Cover-page-001-678x509.jpg 678w, https:\/\/www.jasimabed.com\/wp-content\/uploads\/2020\/08\/Cover-page-001-80x60.jpg 80w\" sizes=\"auto, (max-width: 326px) 100vw, 326px\" \/>\t\t\t\t\t\t\t\t\t<\/a>\r\n\t\t\t\t\t\t\t\t<\/figure>\r\n\t\t\t\t\t\t\t\t<h3 class=\"mh-posts-focus-title mh-posts-focus-title-small\">\r\n\t\t\t\t\t\t\t\t\t<a href=\"https:\/\/www.jasimabed.com\/?p=40418\" title=\"\u0627\u0644\u0623\u064e\u0641\u0652\u0639\u064e\u0627\u0644\u064f \u0627\u0644\u0623\u064e\u0643\u0652\u062b\u064e\u0631\u064f \u0627\u0633\u0652\u062a\u0650\u062e\u0652\u062f\u064e\u0627\u0645\u064b\u0627 \u0641\u064a \u0627\u0644\u0644\u0651\u064f\u063a\u064e\u0629\u0650 \u0627\u0644\u062a\u0651\u064f\u0631\u0652\u0643\u0650\u064a\u0640\u0651\u064e\u0629\u0650\" rel=\"bookmark\">\r\n\t\t\t\t\t\t\t\t\t\t\u0627\u0644\u0623\u064e\u0641\u0652\u0639\u064e\u0627\u0644\u064f \u0627\u0644\u0623\u064e\u0643\u0652\u062b\u064e\u0631\u064f \u0627\u0633\u0652\u062a\u0650\u062e\u0652\u062f\u064e\u0627\u0645\u064b\u0627 \u0641\u064a \u0627\u0644\u0644\u0651\u064f\u063a\u064e\u0629\u0650 \u0627\u0644\u062a\u0651\u064f\u0631\u0652\u0643\u0650\u064a\u0640\u0651\u064e\u0629\u0650\t\t\t\t\t\t\t\t\t<\/a>\r\n\t\t\t\t\t\t\t\t<\/h3>\r\n\t\t\t\t\t\t\t\t<div class=\"mh-meta mh-posts-focus-meta mh-posts-focus-meta-small\">\r\n\t\t\t\t\t\t\t\t\t<span class=\"mh-meta-date updated\"><i class=\"fa fa-clock-o\"><\/i>31\/08\/2020<\/span>\n<span class=\"mh-meta-comments\"><i class=\"fa fa-comment-o\"><\/i><a class=\"mh-comment-count-link\" href=\"https:\/\/www.jasimabed.com\/?p=40418#mh-comments\">0<\/a><\/span>\n\t\t\t\t\t\t\t\t<\/div>\r\n\t\t\t\t\t\t\t\t<div class=\"mh-posts-focus-excerpt mh-posts-focus-excerpt-small mh-clearfix\">\r\n\t\t\t\t\t\t\t\t\t<div class=\"mh-excerpt\"><p>\u0627\u0644\u0623\u064e\u0641\u0652\u0639\u064e\u0627\u0644\u064f \u0627\u0644\u0623\u064e\u0643\u0652\u062b\u064e\u0631\u064f \u0627\u0633\u0652\u062a\u0650\u062e\u0652\u062f\u064e\u0627\u0645\u064b\u0627 \u0641\u064a \u0627\u0644\u0644\u0651\u064f\u063a\u064e\u0629\u0650 \u0627\u0644\u062a\u0651\u064f\u0631\u0652\u0643\u0650\u064a\u0640\u0651\u064e\u0629\u0650\u062c\u0645\u0639 \u0648\u0625\u0639\u062f\u0627\u062f \u0627\u0644\u0645\u0647\u0646\u062f\u0633 \u062c\u0627\u0633\u0645 \u0645\u062d\u0645\u062f \u0639\u0628\u062f T\u00fcrk\u00e7ede En \u00c7ok Kullan\u0131lan FiillerHaz\u0131rlayan: Jasim MOHAMMED ABED https:\/\/jasimabed.com\/books\/?b=5<\/p>\n<\/div>\t\t\t\t\t\t\t\t<\/div>\r\n\t\t\t\t\t\t\t<\/article>\t\t\t\t\t\t\t<article class=\"post-40403 mh-posts-focus-item mh-posts-focus-item-small mh-clearfix\">\r\n\t\t\t\t\t\t\t\t<figure class=\"mh-posts-focus-thumb mh-posts-focus-thumb-small\">\r\n\t\t\t\t\t\t\t\t\t<a href=\"https:\/\/www.jasimabed.com\/?p=40403\" title=\"\u0627\u0644\u062e\u0627\u062f\u0645 \u0627\u0644\u0645\u062d\u0644\u0651\u064a Local Server\"><img loading=\"lazy\" decoding=\"async\" width=\"326\" height=\"245\" src=\"https:\/\/www.jasimabed.com\/wp-content\/uploads\/2020\/07\/200450001-326x245.jpg\" class=\"attachment-mh-magazine-lite-medium size-mh-magazine-lite-medium wp-post-image\" alt=\"\" srcset=\"https:\/\/www.jasimabed.com\/wp-content\/uploads\/2020\/07\/200450001-326x245.jpg 326w, https:\/\/www.jasimabed.com\/wp-content\/uploads\/2020\/07\/200450001-300x225.jpg 300w, https:\/\/www.jasimabed.com\/wp-content\/uploads\/2020\/07\/200450001-80x60.jpg 80w, https:\/\/www.jasimabed.com\/wp-content\/uploads\/2020\/07\/200450001-600x450.jpg 600w, https:\/\/www.jasimabed.com\/wp-content\/uploads\/2020\/07\/200450001.jpg 640w\" sizes=\"auto, (max-width: 326px) 100vw, 326px\" \/>\t\t\t\t\t\t\t\t\t<\/a>\r\n\t\t\t\t\t\t\t\t<\/figure>\r\n\t\t\t\t\t\t\t\t<h3 class=\"mh-posts-focus-title mh-posts-focus-title-small\">\r\n\t\t\t\t\t\t\t\t\t<a href=\"https:\/\/www.jasimabed.com\/?p=40403\" title=\"\u0627\u0644\u062e\u0627\u062f\u0645 \u0627\u0644\u0645\u062d\u0644\u0651\u064a Local Server\" rel=\"bookmark\">\r\n\t\t\t\t\t\t\t\t\t\t\u0627\u0644\u062e\u0627\u062f\u0645 \u0627\u0644\u0645\u062d\u0644\u0651\u064a Local Server\t\t\t\t\t\t\t\t\t<\/a>\r\n\t\t\t\t\t\t\t\t<\/h3>\r\n\t\t\t\t\t\t\t\t<div class=\"mh-meta mh-posts-focus-meta mh-posts-focus-meta-small\">\r\n\t\t\t\t\t\t\t\t\t<span class=\"mh-meta-date updated\"><i class=\"fa fa-clock-o\"><\/i>24\/07\/2020<\/span>\n<span class=\"mh-meta-comments\"><i class=\"fa fa-comment-o\"><\/i><a class=\"mh-comment-count-link\" href=\"https:\/\/www.jasimabed.com\/?p=40403#mh-comments\">0<\/a><\/span>\n\t\t\t\t\t\t\t\t<\/div>\r\n\t\t\t\t\t\t\t\t<div class=\"mh-posts-focus-excerpt mh-posts-focus-excerpt-small mh-clearfix\">\r\n\t\t\t\t\t\t\t\t\t<div class=\"mh-excerpt\"><p>\u0645\u064e\u0646\u064e\u0635\u0651\u064e\u0629\u064f \u0627\u0644\u0645\u064f\u0633\u0652\u062a\u064e\u0646\u0652\u0635\u0650\u0631\u0650\u064a\u0651\u064e\u0629\u0650 \u0627\u0644\u062a\u064e\u0639\u0652\u0644\u0650\u064a\u0645\u064a\u0651\u064e\u0629\u0650 \u0644\u0650\u0644\u062a\u0651\u064e\u0639\u064e\u0644\u064f\u0645\u0650 \u0648\u0627\u0644\u062a\u0651\u064e\u0639\u0652\u0644\u0650\u064a\u0645\u0650 \u0627\u0644\u0627\u0650\u0641\u0652\u062a\u0650\u0631\u064e\u0627\u0636\u0650\u064a\u0651 \u0627\u0644\u0645\u064e\u0641\u0652\u062a\u064f\u0648\u062d\u0650 \u062a\u0642\u062f\u0645 \u0644\u0643\u0645 \u0645\u0633\u0627\u0642\u0627\u0644\u062e\u0627\u062f\u0645 \u0627\u0644\u0645\u062d\u0644\u0651\u064a Local Server\u0623\u064e\u062d\u064e\u062f \u0645\u0633\u0627\u0642\u0627\u062a \u062d\u064e\u0642\u0650\u064a\u0628\u064e\u0629\u0650 &#8220;\u0627\u0644\u0648\u064e\u062c\u0650\u064a\u0632\u064f \u0641\u0650\u064a \u0628\u064e\u0631\u0652\u0645\u064e\u062c\u064e\u0629\u0650 \u0627\u0644\u0645\u064e\u0648\u064e\u0627\u0642\u0650\u0639\u0650&#8221;.\u062a\u0642\u062f\u064a\u0645: \u0627\u0644\u0645\u0647\u0646\u062f\u0633 \u062c\u0627\u0633\u0645 \u0645\u062d\u0645\u062f \u0639\u0628\u062f. https:\/\/mustansiriyah.net\u0627\u0644\u062e\u0627\u062f\u0645 \u0627\u0644\u0645\u062d\u0644\u0651\u064a <a class=\"mh-excerpt-more\" href=\"https:\/\/www.jasimabed.com\/?p=40403\" title=\"\u0627\u0644\u062e\u0627\u062f\u0645 \u0627\u0644\u0645\u062d\u0644\u0651\u064a Local Server\">[&#8230;]<\/a><\/p>\n<\/div>\t\t\t\t\t\t\t\t<\/div>\r\n\t\t\t\t\t\t\t<\/article><\/div>\n<\/div>\n<\/div><\/div><\/div><\/div>","protected":false},"excerpt":{"rendered":"<div class=\"mh-excerpt\"><\/div>","protected":false},"author":1,"featured_media":644,"parent":0,"menu_order":0,"comment_status":"closed","ping_status":"closed","template":"","meta":{"footnotes":""},"class_list":["post-29","page","type-page","status-publish","has-post-thumbnail","hentry"],"_links":{"self":[{"href":"https:\/\/www.jasimabed.com\/index.php?rest_route=\/wp\/v2\/pages\/29","targetHints":{"allow":["GET"]}}],"collection":[{"href":"https:\/\/www.jasimabed.com\/index.php?rest_route=\/wp\/v2\/pages"}],"about":[{"href":"https:\/\/www.jasimabed.com\/index.php?rest_route=\/wp\/v2\/types\/page"}],"author":[{"embeddable":true,"href":"https:\/\/www.jasimabed.com\/index.php?rest_route=\/wp\/v2\/users\/1"}],"replies":[{"embeddable":true,"href":"https:\/\/www.jasimabed.com\/index.php?rest_route=%2Fwp%2Fv2%2Fcomments&post=29"}],"version-history":[{"count":41,"href":"https:\/\/www.jasimabed.com\/index.php?rest_route=\/wp\/v2\/pages\/29\/revisions"}],"predecessor-version":[{"id":40598,"href":"https:\/\/www.jasimabed.com\/index.php?rest_route=\/wp\/v2\/pages\/29\/revisions\/40598"}],"wp:featuredmedia":[{"embeddable":true,"href":"https:\/\/www.jasimabed.com\/index.php?rest_route=\/wp\/v2\/media\/644"}],"wp:attachment":[{"href":"https:\/\/www.jasimabed.com\/index.php?rest_route=%2Fwp%2Fv2%2Fmedia&parent=29"}],"curies":[{"name":"wp","href":"https:\/\/api.w.org\/{rel}","templated":true}]}}