{"id":40355,"date":"2020-06-11T17:56:49","date_gmt":"2020-06-11T14:56:49","guid":{"rendered":"https:\/\/www.jasimabed.com\/?page_id=40355"},"modified":"2024-08-12T23:33:45","modified_gmt":"2024-08-12T20:33:45","slug":"nevevi-kirk-hadisi-ibn-i-receb-el-hanbelinin-eklemesiyle","status":"publish","type":"page","link":"https:\/\/www.jasimabed.com\/?page_id=40355&lang=tr","title":{"rendered":"&#8220;NEVEV\u0130 KIRK HAD\u0130S\u0130&#8221;, \u0130bn-i Receb el-Hanbeli&#8217;nin eklemesiyle"},"content":{"rendered":"\n<p align=\"center\">\n<img decoding=\"async\" border=\"0\" src=\"https:\/\/abs.jasimabed.com\/booksviewer\/images\/3.jpg\">\n<\/p>\n<hr>\n<p align=\"justify\"><b>\n<font face=\"Adobe Arabic\" size=\"6\">\n&#8220;\u0130slam\u0131n Temelinde ve Ahkam Kurallar\u0131nda K\u0131rk Hadis&#8221;; &#8220;NEVEV\u0130 KIRK HAD\u0130S\u0130&#8221; olarak bilinir;\n<br>\nM\u00fcellifi: \u0130mam Nevevi\u060c \u0130bn-i Receb el-Hanbeli&#8217;nin eklemesiyle.\n<br>\nArap\u00e7a\u060c T\u00fcrk\u00e7e ve \u0130ngilizce.\n<br>\nDil: Arap\u00e7a &#8211; T\u00fcrk\u00e7e &#8211; \u0130ngilizce.\n<br>\nKitap y\u00f6n\u00fc: sa\u011fdan sola.\n<br>\nSayfa say\u0131s\u0131: 120 sayfa.\n<br>\nKitap {PDF format\u0131} dosyas\u0131 olarak mevcuttur; Boyut: 1.34 MB.\n<br>\nKitab\u0131n Uluslararas\u0131 Bilgi A\u011f\u0131&#8217;ndaki sayfas\u0131n\u0131 veya web sitesini ziyaret edin:\n<p align=\"center\"><b>\n<font face=\"Adobe Arabic\" size=\"6\">\n<a target=\"_blank\" href=\"https:\/\/abs.jasimabed.com\/#n40\" rel=\"noopener\">https:\/\/abs.jasimabed.com\/#n40<\/a>\n<\/font><\/b><\/p>\n<p align=\"center\">\n<img decoding=\"async\" border=\"0\" src=\"https:\/\/www.jasimabed.com\/wp-content\/uploads\/2024\/07\/2024-07-13_134936.jpg\">\n<\/p>\n<br>\nKitab\u0131 \u201csayfa \u00e7evirerek\u201d okumak i\u00e7in; \u201cREAD\u201d butonuna bas\u0131larak; Kitab\u0131n kapak g\u00f6rselinin alt\u0131nda:\n<p align=\"center\">\n<img decoding=\"async\" border=\"0\" src=\"https:\/\/www.jasimabed.com\/wp-content\/uploads\/2024\/07\/2024-07-13_134955.jpg\">\n<\/p>\n<p align=\"justify\"><b>\nKitap g\u00f6r\u00fcn\u00fcr ve sayfalar\u0131 \u00e7evirip ka\u011f\u0131t kitap gibi okuyabilirsiniz.\n<br>\nKitab\u0131 internetten okumak i\u00e7in; Do\u011frudan taray\u0131c\u0131 \u00fczerinden [taray\u0131c\u0131 PDF dosyalar\u0131n\u0131 destekliyorsa] READ 2 d\u00fc\u011fmesine t\u0131klayarak; Kitab\u0131n kapak g\u00f6rselinin alt\u0131nda.\n<br>\nKitab\u0131 internet \u00fczerinden PDF g\u00f6r\u00fcnt\u00fcleyicimizde okumak i\u00e7in READ 3 butonunun linke t\u0131klay\u0131n; Kitap kapa\u011f\u0131 g\u00f6rselinin alt\u0131nda.\n<br>\nKitap dosyas\u0131n\u0131 &#8220;PDF&#8221; olarak indirmek i\u00e7in; \u201cDOWNLOAD\u201d butonuna t\u0131klayarak; Kitap kapa\u011f\u0131 g\u00f6rselinin alt\u0131nda.\n<br>\nKitab\u0131n tan\u0131t\u0131m videosunu YouTube \u00fczerinden izlemek i\u00e7in; Ba\u011flant\u0131ya t\u0131klayarak:\n<br>\n<a target=\"_blank\" href=\"https:\/\/abs.jasimabed.com\/ytp\/?ytv=uKZEvP_Ds-U\" rel=\"noopener\">https:\/\/abs.jasimabed.com\/ytp\/?ytv=uKZEvP_Ds-U<\/a>\n<br>\nVeya ba\u011flant\u0131ya t\u0131klayarak:\n<br>\n<a target=\"_blank\" href=\"https:\/\/www.youtube.com\/watch?v=uKZEvP_Ds-U\" rel=\"noopener\">https:\/\/www.youtube.com\/watch?v=uKZEvP_Ds-U<\/a>\n<br>\nVeya &#8220;V\u0130DEO&#8221; butonuna t\u0131klayarak; Kitap kapa\u011f\u0131 g\u00f6rselinin alt\u0131nda.\n<br>\n<iframe loading=\"lazy\" id=\"iframe\" height=\"480\" width=\"640\" src=\"https:\/\/abs.jasimabed.com\/ytp\/?ytv=uKZEvP_Ds-U\" frameborder=\"0\" allowfullscreen><\/iframe>\n<\/p>\n<br>\nKitab\u0131 YouTube&#8217;da okumak ve a\u00e7\u0131klamak i\u00e7in video kliplerin listesini g\u00f6r\u00fcnt\u00fclemek i\u00e7in; Ba\u011flant\u0131ya t\u0131klayarak:\n<br>\n<a target=\"_blank\" href=\"https:\/\/abs.jasimabed.com\/ytp\/?ytv=Z9SGeQrU2T0&#038;ytl=PLTP-WEKCtOk4yMP6ReWJ27wRcw9kwLvhB\" rel=\"noopener\">https:\/\/abs.jasimabed.com\/ytp\/?ytv=Z9SGeQrU2T0&#038;ytl=PLTP-WEKCtOk4yMP6ReWJ27wRcw9kwLvhB<\/a>\n<br>\nVeya ba\u011flant\u0131ya t\u0131klayarak:\n<br>\n<a target=\"_blank\" href=\"https:\/\/www.youtube.com\/watch?v=Z9SGeQrU2T0&#038;list=PLTP-WEKCtOk4yMP6ReWJ27wRcw9kwLvhB\" rel=\"noopener\">https:\/\/www.youtube.com\/watch?v=Z9SGeQrU2T0&#038;list=PLTP-WEKCtOk4yMP6ReWJ27wRcw9kwLvhB<\/a>\n<br>\nVeya \u201cL\u0130STE\u201d butonuna t\u0131klayarak; Kitap kapa\u011f\u0131 g\u00f6rselinin alt\u0131nda.\n<br>\n<iframe loading=\"lazy\" id=\"iframe\" height=\"480\" width=\"640\" src=\"https:\/\/abs.jasimabed.com\/ytp\/?ytv=Z9SGeQrU2T0&#038;ytl=PLTP-WEKCtOk4yMP6ReWJ27wRcw9kwLvhB\" frameborder=\"0\" allowfullscreen><\/iframe>\n<br>\nBu kitaba ait derslere ve e\u011fitici kurslara kay\u0131t olmak i\u00e7in; Butonlara t\u0131klayarak: C1, C2, C3, C4,&#8230;.; Kitap kapa\u011f\u0131 g\u00f6rselinin alt\u0131nda.\n<br>\nDaha \u00f6nce kaydolmad\u0131ysan\u0131z bu platformlara (veya bunlardan birine) \u00fcye olmak i\u00e7in kaydolun;\n<br>\nKay\u0131t oldu\u011funuz e-posta adresinize g\u00f6nderilecek olan aktivasyon linkine t\u0131klayarak bu \u00fcyeli\u011finizi aktif hale getiriniz.\n<br>\nPlatforma giri\u015f yap\u0131n ve yukar\u0131da belirtilen e\u011fitim kurslar\u0131na kat\u0131l\u0131n ve kurs ad\u0131mlar\u0131n\u0131 takip edin.\n<br>\nTamamlanana kadar ad\u0131m ad\u0131m.\n<br>\n\n<a target=\"_blank\" href=\"https:\/\/www.youtube.com\/watch?v=4eF8ufeu8Mg\" rel=\"noopener\">https:\/\/www.youtube.com\/watch?v=4eF8ufeu8Mg<\/a>\n<br>\n<iframe loading=\"lazy\" id=\"iframe\" height=\"480\" width=\"640\" src=\"https:\/\/abs.jasimabed.com\/ytp\/?ytv=4eF8ufeu8Mg\" frameborder=\"0\" allowfullscreen><\/iframe>\n\n\n\n<\/font><\/b><\/p>\n\n\n","protected":false},"excerpt":{"rendered":"<div class=\"mh-excerpt\"><p>&#8220;\u0130slam\u0131n Temelinde ve Ahkam Kurallar\u0131nda K\u0131rk Hadis&#8221;; &#8220;NEVEV\u0130 KIRK HAD\u0130S\u0130&#8221; olarak bilinir; M\u00fcellifi: \u0130mam Nevevi\u060c \u0130bn-i Receb el-Hanbeli&#8217;nin eklemesiyle. Arap\u00e7a\u060c T\u00fcrk\u00e7e ve \u0130ngilizce. Dil: Arap\u00e7a <a class=\"mh-excerpt-more\" href=\"https:\/\/www.jasimabed.com\/?page_id=40355&#038;lang=tr\" title=\"&#8220;NEVEV\u0130 KIRK HAD\u0130S\u0130&#8221;, \u0130bn-i Receb el-Hanbeli&#8217;nin eklemesiyle\">[&#8230;]<\/a><\/p>\n<\/div>","protected":false},"author":1,"featured_media":40348,"parent":0,"menu_order":0,"comment_status":"closed","ping_status":"closed","template":"","meta":{"footnotes":""},"class_list":["post-40355","page","type-page","status-publish","has-post-thumbnail","hentry"],"_links":{"self":[{"href":"https:\/\/www.jasimabed.com\/index.php?rest_route=\/wp\/v2\/pages\/40355","targetHints":{"allow":["GET"]}}],"collection":[{"href":"https:\/\/www.jasimabed.com\/index.php?rest_route=\/wp\/v2\/pages"}],"about":[{"href":"https:\/\/www.jasimabed.com\/index.php?rest_route=\/wp\/v2\/types\/page"}],"author":[{"embeddable":true,"href":"https:\/\/www.jasimabed.com\/index.php?rest_route=\/wp\/v2\/users\/1"}],"replies":[{"embeddable":true,"href":"https:\/\/www.jasimabed.com\/index.php?rest_route=%2Fwp%2Fv2%2Fcomments&post=40355"}],"version-history":[{"count":10,"href":"https:\/\/www.jasimabed.com\/index.php?rest_route=\/wp\/v2\/pages\/40355\/revisions"}],"predecessor-version":[{"id":40842,"href":"https:\/\/www.jasimabed.com\/index.php?rest_route=\/wp\/v2\/pages\/40355\/revisions\/40842"}],"wp:featuredmedia":[{"embeddable":true,"href":"https:\/\/www.jasimabed.com\/index.php?rest_route=\/wp\/v2\/media\/40348"}],"wp:attachment":[{"href":"https:\/\/www.jasimabed.com\/index.php?rest_route=%2Fwp%2Fv2%2Fmedia&parent=40355"}],"curies":[{"name":"wp","href":"https:\/\/api.w.org\/{rel}","templated":true}]}}