{"id":40649,"date":"2024-07-13T22:53:33","date_gmt":"2024-07-13T19:53:33","guid":{"rendered":"https:\/\/www.jasimabed.com\/?page_id=40649"},"modified":"2024-07-13T22:53:39","modified_gmt":"2024-07-13T19:53:39","slug":"turkcede-en-cok-kullanilan-fiiller","status":"publish","type":"page","link":"https:\/\/www.jasimabed.com\/?page_id=40649&lang=tr","title":{"rendered":"T\u00fcrk\u00e7ede En \u00c7ok Kullan\u0131lan Fiiller"},"content":{"rendered":"","protected":false},"excerpt":{"rendered":"<div class=\"mh-excerpt\"><\/div>","protected":false},"author":1,"featured_media":0,"parent":0,"menu_order":0,"comment_status":"closed","ping_status":"closed","template":"","meta":{"footnotes":""},"class_list":["post-40649","page","type-page","status-publish","hentry"],"_links":{"self":[{"href":"https:\/\/www.jasimabed.com\/index.php?rest_route=\/wp\/v2\/pages\/40649","targetHints":{"allow":["GET"]}}],"collection":[{"href":"https:\/\/www.jasimabed.com\/index.php?rest_route=\/wp\/v2\/pages"}],"about":[{"href":"https:\/\/www.jasimabed.com\/index.php?rest_route=\/wp\/v2\/types\/page"}],"author":[{"embeddable":true,"href":"https:\/\/www.jasimabed.com\/index.php?rest_route=\/wp\/v2\/users\/1"}],"replies":[{"embeddable":true,"href":"https:\/\/www.jasimabed.com\/index.php?rest_route=%2Fwp%2Fv2%2Fcomments&post=40649"}],"version-history":[{"count":1,"href":"https:\/\/www.jasimabed.com\/index.php?rest_route=\/wp\/v2\/pages\/40649\/revisions"}],"predecessor-version":[{"id":40650,"href":"https:\/\/www.jasimabed.com\/index.php?rest_route=\/wp\/v2\/pages\/40649\/revisions\/40650"}],"wp:attachment":[{"href":"https:\/\/www.jasimabed.com\/index.php?rest_route=%2Fwp%2Fv2%2Fmedia&parent=40649"}],"curies":[{"name":"wp","href":"https:\/\/api.w.org\/{rel}","templated":true}]}}