{"id":40676,"date":"2024-07-13T23:58:57","date_gmt":"2024-07-13T20:58:57","guid":{"rendered":"https:\/\/www.jasimabed.com\/?page_id=40676"},"modified":"2024-07-13T23:59:39","modified_gmt":"2024-07-13T20:59:39","slug":"istanbul-kitabinin-aciklamasi-yabancilar-icin-turkce-dil-kitabi-seviye-a1","status":"publish","type":"page","link":"https:\/\/www.jasimabed.com\/?page_id=40676&lang=tr","title":{"rendered":"\u0130stanbul kitab\u0131n\u0131n a\u00e7\u0131klamas\u0131 &#8211; Yabanc\u0131lar i\u00e7in T\u00fcrk\u00e7e dil kitab\u0131 &#8211; Seviye A1"},"content":{"rendered":"","protected":false},"excerpt":{"rendered":"<div class=\"mh-excerpt\"><\/div>","protected":false},"author":1,"featured_media":0,"parent":0,"menu_order":0,"comment_status":"closed","ping_status":"closed","template":"","meta":{"footnotes":""},"class_list":["post-40676","page","type-page","status-publish","hentry"],"_links":{"self":[{"href":"https:\/\/www.jasimabed.com\/index.php?rest_route=\/wp\/v2\/pages\/40676","targetHints":{"allow":["GET"]}}],"collection":[{"href":"https:\/\/www.jasimabed.com\/index.php?rest_route=\/wp\/v2\/pages"}],"about":[{"href":"https:\/\/www.jasimabed.com\/index.php?rest_route=\/wp\/v2\/types\/page"}],"author":[{"embeddable":true,"href":"https:\/\/www.jasimabed.com\/index.php?rest_route=\/wp\/v2\/users\/1"}],"replies":[{"embeddable":true,"href":"https:\/\/www.jasimabed.com\/index.php?rest_route=%2Fwp%2Fv2%2Fcomments&post=40676"}],"version-history":[{"count":1,"href":"https:\/\/www.jasimabed.com\/index.php?rest_route=\/wp\/v2\/pages\/40676\/revisions"}],"predecessor-version":[{"id":40677,"href":"https:\/\/www.jasimabed.com\/index.php?rest_route=\/wp\/v2\/pages\/40676\/revisions\/40677"}],"wp:attachment":[{"href":"https:\/\/www.jasimabed.com\/index.php?rest_route=%2Fwp%2Fv2%2Fmedia&parent=40676"}],"curies":[{"name":"wp","href":"https:\/\/api.w.org\/{rel}","templated":true}]}}