{"id":40763,"date":"2024-07-14T15:33:53","date_gmt":"2024-07-14T12:33:53","guid":{"rendered":"https:\/\/www.jasimabed.com\/?page_id=40763"},"modified":"2024-11-21T22:16:29","modified_gmt":"2024-11-21T19:16:29","slug":"islam-bilimi","status":"publish","type":"page","link":"https:\/\/www.jasimabed.com\/?page_id=40763&lang=tr","title":{"rendered":"\u0130slam bilimi"},"content":{"rendered":"\n<figure class=\"wp-block-embed is-type-wp-embed\"><div class=\"wp-block-embed__wrapper\">\n<blockquote class=\"wp-embedded-content\" data-secret=\"l6EROHktcg\"><a href=\"https:\/\/www.jasimabed.com\/?page_id=41145&#038;lang=tr\">Kur&#8217;an-\u0131 Kerim ve anlamlar\u0131n\u0131n terc\u00fcmesi<\/a><\/blockquote><iframe loading=\"lazy\" class=\"wp-embedded-content\" sandbox=\"allow-scripts\" security=\"restricted\" style=\"position: absolute; visibility: hidden;\" title=\"&#8220;Kur&#8217;an-\u0131 Kerim ve anlamlar\u0131n\u0131n terc\u00fcmesi&#8221; &#8212; \u0627\u0644\u0645\u0647\u0646\u062f\u0633: \u062c\u0627\u0633\u0645 \u0645\u062d\u0645\u062f \u0639\u0628\u062f\" src=\"https:\/\/www.jasimabed.com\/?page_id=41145&#038;lang=tr&#038;embed=true#?secret=gdGl55fXVh#?secret=l6EROHktcg\" data-secret=\"l6EROHktcg\" width=\"500\" height=\"282\" frameborder=\"0\" marginwidth=\"0\" marginheight=\"0\" scrolling=\"no\"><\/iframe>\n<\/div><\/figure>\n\n\n\n<figure class=\"wp-block-embed is-type-wp-embed\"><div class=\"wp-block-embed__wrapper\">\n<blockquote class=\"wp-embedded-content\" data-secret=\"6iwrS9TkBF\"><a href=\"https:\/\/www.jasimabed.com\/?page_id=40880&#038;lang=tr\">Ayetler, hadisler, hikmetler ve ahlaklar<\/a><\/blockquote><iframe loading=\"lazy\" class=\"wp-embedded-content\" sandbox=\"allow-scripts\" security=\"restricted\" style=\"position: absolute; visibility: hidden;\" title=\"&#8220;Ayetler, hadisler, hikmetler ve ahlaklar&#8221; &#8212; M\u00fch. Jasim Mohammed ABED\" src=\"https:\/\/www.jasimabed.com\/?page_id=40880&#038;lang=tr&#038;embed=true#?secret=vhxqsAjCug#?secret=6iwrS9TkBF\" data-secret=\"6iwrS9TkBF\" width=\"500\" height=\"282\" frameborder=\"0\" marginwidth=\"0\" marginheight=\"0\" scrolling=\"no\"><\/iframe>\n<\/div><\/figure>\n\n\n\n<figure class=\"wp-block-embed is-type-wp-embed\"><div class=\"wp-block-embed__wrapper\">\n<blockquote class=\"wp-embedded-content\" data-secret=\"uQEJPysBv9\"><a href=\"https:\/\/www.jasimabed.com\/?page_id=40355&#038;lang=tr\">&#8220;NEVEV\u0130 KIRK HAD\u0130S\u0130&#8221;, \u0130bn-i Receb el-Hanbeli&#8217;nin eklemesiyle<\/a><\/blockquote><iframe loading=\"lazy\" class=\"wp-embedded-content\" sandbox=\"allow-scripts\" security=\"restricted\" style=\"position: absolute; visibility: hidden;\" title=\"&#8220;&#8220;NEVEV\u0130 KIRK HAD\u0130S\u0130&#8221;, \u0130bn-i Receb el-Hanbeli&#8217;nin eklemesiyle&#8221; &#8212; M\u00fch. Jasim Mohammed ABED\" src=\"https:\/\/www.jasimabed.com\/?page_id=40355&#038;lang=tr&#038;embed=true#?secret=7ky5kYtFaS#?secret=uQEJPysBv9\" data-secret=\"uQEJPysBv9\" width=\"500\" height=\"282\" frameborder=\"0\" marginwidth=\"0\" marginheight=\"0\" scrolling=\"no\"><\/iframe>\n<\/div><\/figure>\n\n\n\n<figure class=\"wp-block-embed is-type-wp-embed\"><div class=\"wp-block-embed__wrapper\">\n<blockquote class=\"wp-embedded-content\" data-secret=\"F295TDeAlg\"><a href=\"https:\/\/www.jasimabed.com\/?page_id=40659&#038;lang=tr\">Sanabil alhasanati; al&#8217;aemal dhawat al&#8217;ujur almudaeafat<\/a><\/blockquote><iframe loading=\"lazy\" class=\"wp-embedded-content\" sandbox=\"allow-scripts\" security=\"restricted\" style=\"position: absolute; visibility: hidden;\" title=\"&#8220;Sanabil alhasanati; al&#8217;aemal dhawat al&#8217;ujur almudaeafat&#8221; &#8212; M\u00fch. Jasim Mohammed ABED\" src=\"https:\/\/www.jasimabed.com\/?page_id=40659&#038;lang=tr&#038;embed=true#?secret=8xxdi7jEGH#?secret=F295TDeAlg\" data-secret=\"F295TDeAlg\" width=\"500\" height=\"282\" frameborder=\"0\" marginwidth=\"0\" marginheight=\"0\" scrolling=\"no\"><\/iframe>\n<\/div><\/figure>\n\n\n\n<figure class=\"wp-block-embed is-type-wp-embed\"><div class=\"wp-block-embed__wrapper\">\n<blockquote class=\"wp-embedded-content\" data-secret=\"qLbHArQCU5\"><a href=\"https:\/\/www.jasimabed.com\/?page_id=40666&#038;lang=tr\">Allah g\u00fcler, raz\u0131 olur, en g\u00fczel isimlere ve en y\u00fcksek s\u0131fatlara sahiptir<\/a><\/blockquote><iframe loading=\"lazy\" class=\"wp-embedded-content\" sandbox=\"allow-scripts\" security=\"restricted\" style=\"position: absolute; visibility: hidden;\" title=\"&#8220;Allah g\u00fcler, raz\u0131 olur, en g\u00fczel isimlere ve en y\u00fcksek s\u0131fatlara sahiptir&#8221; &#8212; M\u00fch. Jasim Mohammed ABED\" src=\"https:\/\/www.jasimabed.com\/?page_id=40666&#038;lang=tr&#038;embed=true#?secret=4TUWICNlxo#?secret=qLbHArQCU5\" data-secret=\"qLbHArQCU5\" width=\"500\" height=\"282\" frameborder=\"0\" marginwidth=\"0\" marginheight=\"0\" scrolling=\"no\"><\/iframe>\n<\/div><\/figure>\n\n\n\n<figure class=\"wp-block-embed is-type-wp-embed\"><div class=\"wp-block-embed__wrapper\">\n<blockquote class=\"wp-embedded-content\" data-secret=\"wnR2ajHh4F\"><a href=\"https:\/\/www.jasimabed.com\/?page_id=40686&#038;lang=tr\">Kur&#8217;an-\u0131 Kerim ve anlamlar\u0131n\u0131n terc\u00fcmesi<\/a><\/blockquote><iframe loading=\"lazy\" class=\"wp-embedded-content\" sandbox=\"allow-scripts\" security=\"restricted\" style=\"position: absolute; visibility: hidden;\" title=\"&#8220;Kur&#8217;an-\u0131 Kerim ve anlamlar\u0131n\u0131n terc\u00fcmesi&#8221; &#8212; M\u00fch. Jasim Mohammed ABED\" src=\"https:\/\/www.jasimabed.com\/?page_id=40686&#038;lang=tr&#038;embed=true#?secret=zL9od6yNRi#?secret=wnR2ajHh4F\" data-secret=\"wnR2ajHh4F\" width=\"500\" height=\"282\" frameborder=\"0\" marginwidth=\"0\" marginheight=\"0\" scrolling=\"no\"><\/iframe>\n<\/div><\/figure>\n\n\n\n<figure class=\"wp-block-embed is-type-wp-embed\"><div class=\"wp-block-embed__wrapper\">\n<blockquote class=\"wp-embedded-content\" data-secret=\"nYCpoNN9OK\"><a href=\"https:\/\/www.jasimabed.com\/?page_id=40717&#038;lang=tr\">Tuhfat Elmuqantirin<\/a><\/blockquote><iframe loading=\"lazy\" class=\"wp-embedded-content\" sandbox=\"allow-scripts\" security=\"restricted\" style=\"position: absolute; visibility: hidden;\" title=\"&#8220;Tuhfat Elmuqantirin&#8221; &#8212; M\u00fch. Jasim Mohammed ABED\" src=\"https:\/\/www.jasimabed.com\/?page_id=40717&#038;lang=tr&#038;embed=true#?secret=nzHpUdQqeO#?secret=nYCpoNN9OK\" data-secret=\"nYCpoNN9OK\" width=\"500\" height=\"282\" frameborder=\"0\" marginwidth=\"0\" marginheight=\"0\" scrolling=\"no\"><\/iframe>\n<\/div><\/figure>\n\n\n\n<figure class=\"wp-block-embed is-type-wp-embed\"><div class=\"wp-block-embed__wrapper\">\n<blockquote class=\"wp-embedded-content\" data-secret=\"SZGK5i5hLb\"><a href=\"https:\/\/www.jasimabed.com\/?page_id=40978&#038;lang=tr\">1001 \u0130cat ve S\u0131rlar K\u00fct\u00fcphanesi<\/a><\/blockquote><iframe loading=\"lazy\" class=\"wp-embedded-content\" sandbox=\"allow-scripts\" security=\"restricted\" style=\"position: absolute; visibility: hidden;\" title=\"&#8220;1001 \u0130cat ve S\u0131rlar K\u00fct\u00fcphanesi&#8221; &#8212; M\u00fch. Jasim Mohammed ABED\" src=\"https:\/\/www.jasimabed.com\/?page_id=40978&#038;lang=tr&#038;embed=true#?secret=VYLBjOteTy#?secret=SZGK5i5hLb\" data-secret=\"SZGK5i5hLb\" width=\"500\" height=\"282\" frameborder=\"0\" marginwidth=\"0\" marginheight=\"0\" scrolling=\"no\"><\/iframe>\n<\/div><\/figure>\n\n\n\n<figure class=\"wp-block-embed is-type-wp-embed\"><div class=\"wp-block-embed__wrapper\">\n<blockquote class=\"wp-embedded-content\" data-secret=\"KjaFz8ud2F\"><a href=\"https:\/\/www.jasimabed.com\/?page_id=41008&#038;lang=tr\">\u0130slam&#8217;\u0131 Anlamak \u0130\u00e7in K\u0131sa Bir Resimli K\u0131lavuz<\/a><\/blockquote><iframe loading=\"lazy\" class=\"wp-embedded-content\" sandbox=\"allow-scripts\" security=\"restricted\" style=\"position: absolute; visibility: hidden;\" title=\"&#8220;\u0130slam&#8217;\u0131 Anlamak \u0130\u00e7in K\u0131sa Bir Resimli K\u0131lavuz&#8221; &#8212; M\u00fch. Jasim Mohammed ABED\" src=\"https:\/\/www.jasimabed.com\/?page_id=41008&#038;lang=tr&#038;embed=true#?secret=nXFYvI3hTQ#?secret=KjaFz8ud2F\" data-secret=\"KjaFz8ud2F\" width=\"500\" height=\"282\" frameborder=\"0\" marginwidth=\"0\" marginheight=\"0\" scrolling=\"no\"><\/iframe>\n<\/div><\/figure>\n\n\n\n<figure class=\"wp-block-embed is-type-wp-embed\"><div class=\"wp-block-embed__wrapper\">\n<blockquote class=\"wp-embedded-content\" data-secret=\"2GnU5C7pwl\"><a href=\"https:\/\/www.jasimabed.com\/?page_id=41097&#038;lang=tr\">Ben M\u00fcsl\u00fcman\u0131m<\/a><\/blockquote><iframe loading=\"lazy\" class=\"wp-embedded-content\" sandbox=\"allow-scripts\" security=\"restricted\" style=\"position: absolute; visibility: hidden;\" title=\"&#8220;Ben M\u00fcsl\u00fcman\u0131m&#8221; &#8212; \u0627\u0644\u0645\u0647\u0646\u062f\u0633: \u062c\u0627\u0633\u0645 \u0645\u062d\u0645\u062f \u0639\u0628\u062f\" src=\"https:\/\/www.jasimabed.com\/?page_id=41097&#038;lang=tr&#038;embed=true#?secret=OhoDSGgjm2#?secret=2GnU5C7pwl\" data-secret=\"2GnU5C7pwl\" width=\"500\" height=\"282\" frameborder=\"0\" marginwidth=\"0\" marginheight=\"0\" scrolling=\"no\"><\/iframe>\n<\/div><\/figure>\n","protected":false},"excerpt":{"rendered":"<div class=\"mh-excerpt\"><\/div>","protected":false},"author":1,"featured_media":0,"parent":0,"menu_order":0,"comment_status":"closed","ping_status":"closed","template":"","meta":{"footnotes":""},"class_list":["post-40763","page","type-page","status-publish","hentry"],"_links":{"self":[{"href":"https:\/\/www.jasimabed.com\/index.php?rest_route=\/wp\/v2\/pages\/40763","targetHints":{"allow":["GET"]}}],"collection":[{"href":"https:\/\/www.jasimabed.com\/index.php?rest_route=\/wp\/v2\/pages"}],"about":[{"href":"https:\/\/www.jasimabed.com\/index.php?rest_route=\/wp\/v2\/types\/page"}],"author":[{"embeddable":true,"href":"https:\/\/www.jasimabed.com\/index.php?rest_route=\/wp\/v2\/users\/1"}],"replies":[{"embeddable":true,"href":"https:\/\/www.jasimabed.com\/index.php?rest_route=%2Fwp%2Fv2%2Fcomments&post=40763"}],"version-history":[{"count":5,"href":"https:\/\/www.jasimabed.com\/index.php?rest_route=\/wp\/v2\/pages\/40763\/revisions"}],"predecessor-version":[{"id":41153,"href":"https:\/\/www.jasimabed.com\/index.php?rest_route=\/wp\/v2\/pages\/40763\/revisions\/41153"}],"wp:attachment":[{"href":"https:\/\/www.jasimabed.com\/index.php?rest_route=%2Fwp%2Fv2%2Fmedia&parent=40763"}],"curies":[{"name":"wp","href":"https:\/\/api.w.org\/{rel}","templated":true}]}}