{"id":40873,"date":"2024-08-25T22:33:39","date_gmt":"2024-08-25T19:33:39","guid":{"rendered":"https:\/\/www.jasimabed.com\/?page_id=40873"},"modified":"2024-08-25T22:33:40","modified_gmt":"2024-08-25T19:33:40","slug":"o-soyledigimiz-dualarin-nereye-gittigini-ve-arsin-etrafindaki-tavaflarinin-sirrinin-ne-oldugunu-biliyor-musunuz","status":"publish","type":"page","link":"https:\/\/www.jasimabed.com\/?page_id=40873&lang=tr","title":{"rendered":"O s\u00f6yledi\u011fimiz dualar\u0131n nereye gitti\u011fini ve Ar\u015f&#8217;\u0131n etraf\u0131ndaki tavaflar\u0131n\u0131n s\u0131rr\u0131n\u0131n ne oldu\u011funu biliyor musunuz?"},"content":{"rendered":"<div id=\"pl-gb40873-69dbaa217006f\"  class=\"panel-layout\" ><div id=\"pg-gb40873-69dbaa217006f-0\"  class=\"panel-grid panel-no-style\" ><div id=\"pgc-gb40873-69dbaa217006f-0-0\"  class=\"panel-grid-cell\" ><div id=\"panel-gb40873-69dbaa217006f-0-0-0\" class=\"widget_text so-panel widget widget_custom_html panel-first-child panel-last-child\" data-index=\"0\" ><div class=\"textwidget custom-html-widget\"><p dir=\"ltr\" style=\"margin-left:9px; margin-right:9px; text-align:justify\"><span style=\"font-size:11pt\"><span style=\"font-family:Calibri,sans-serif\"><span style=\"font-size:22.0pt\"><span style=\"color:black\">3941 &#8211; &ldquo;&#8230; Num&acirc;n bin Be\u015f&icirc;r&nbsp;<\/span><\/span><span style=\"font-size:22.0pt\"><span style=\"color:blue\">(rad\u0131yallah&uuml; anh)<\/span><\/span><span style=\"font-size:22.0pt\"><span style=\"color:black\">&rsquo;den riv&acirc;yet edildi\u011fine g&ouml;re&nbsp;<\/span><\/span><strong><span style=\"font-size:22.0pt\"><span style=\"color:#ff9900\">Res&ucirc;l&uuml;llah<\/span><\/span><\/strong>&nbsp;<span style=\"font-size:22.0pt\"><span style=\"color:blue\">(sallallah&uuml; aleyhi ve sellem)<\/span><\/span><span style=\"font-size:22.0pt\"><span style=\"color:black\">&nbsp;\u015f&ouml;yle buyurdu, demi\u015ftir:<\/span><\/span><\/span><\/span><\/p>\n\n<p dir=\"ltr\" style=\"margin-left:9px; margin-right:9px; text-align:justify\"><span style=\"font-size:11pt\"><span style=\"font-family:Calibri,sans-serif\"><strong><span style=\"font-size:22.0pt\"><span style=\"color:blue\">(S&ouml;yledi\u011finiz &quot;S&uuml;bh&acirc;nallah, l&acirc; ilahe illallah ve el-hamdulillah&quot; s&ouml;zleri, \u015f&uuml;phesiz Allah&#39;\u0131n y&uuml;celi\u011fini if&acirc;de eden zikirlerinizdendir. Bunlar (yani bu &uuml;&ccedil; zikir &ccedil;e\u015fidi), Ar\u015f&rsquo;\u0131n &ccedil;evresinde d&ouml;n&uuml;p dola\u015f\u0131rlar, bal ar\u0131s\u0131 s&uuml;r&uuml;s&uuml;n&uuml;n u\u011fultusu gibi bir u\u011fultusu olur, sahibini (yani bu zikri edeni) and\u0131r\u0131rlar. Sizden birisi kendisini (Ar\u015f&#39;\u0131n &ccedil;evresinde) and\u0131racak bir kimsenin olmas\u0131n\u0131 (veya devaml\u0131 olmas\u0131n\u0131) sevmez mi?)&nbsp;<\/span><\/span><\/strong><span style=\"font-size:22.0pt\"><span style=\"color:black\">&quot;<\/span><\/span><\/span><\/span><\/p>\n\n<p dir=\"ltr\" style=\"text-align:justify\">&nbsp;<\/p>\n\n<p dir=\"ltr\" style=\"text-align:justify\"><span style=\"font-size:11pt\"><span style=\"font-family:Calibri,sans-serif\"><span style=\"font-size:22.0pt\">Hadis sahihtir. \u0130bni Mace riv&acirc;yet etmi\u015flerdir. [Sahihtir: (El-Albani)].<\/span><\/span><\/span><\/p>\n\n<p dir=\"ltr\" style=\"text-align:justify\"><span style=\"font-size:11pt\"><span style=\"font-family:Calibri,sans-serif\"><span style=\"font-size:22.0pt\">S&Uuml;NEN-<\/span><span style=\"font-size:22.0pt\">\u0130<\/span><span style=\"font-size:22.0pt\">BN M&Acirc;CE; 34 &#8211; EDEB K<\/span><span style=\"font-size:22.0pt\">\u0130<\/span><span style=\"font-size:22.0pt\">TABI; 56- TESB&Icirc;H (Y&Acirc;N\u0130 S&Uuml;BH&Acirc;NALLAH Z\u0130KR\u0130N\u0130N) FAZ&Icirc;LET\u0130<\/span><\/span><\/span><\/p>\n<\/div><\/div><\/div><\/div><div id=\"pg-gb40873-69dbaa217006f-1\"  class=\"panel-grid panel-no-style\" ><div id=\"pgc-gb40873-69dbaa217006f-1-0\"  class=\"panel-grid-cell\" ><div id=\"panel-gb40873-69dbaa217006f-1-0-0\" class=\"so-panel widget widget_media_video panel-first-child panel-last-child\" data-index=\"1\" ><div style=\"width:100%;\" class=\"wp-video\"><!--[if lt IE 9]><script>document.createElement('video');<\/script><![endif]-->\n<video class=\"wp-video-shortcode\" id=\"video-40873-1\" preload=\"metadata\" controls=\"controls\"><source type=\"video\/youtube\" src=\"https:\/\/www.youtube.com\/watch?v=eBqs-tdv45o&#038;_=1\" \/><a href=\"https:\/\/www.youtube.com\/watch?v=eBqs-tdv45o\">https:\/\/www.youtube.com\/watch?v=eBqs-tdv45o<\/a><\/video><\/div><\/div><\/div><\/div><\/div>","protected":false},"excerpt":{"rendered":"<div class=\"mh-excerpt\"><\/div>","protected":false},"author":1,"featured_media":40869,"parent":0,"menu_order":0,"comment_status":"closed","ping_status":"closed","template":"","meta":{"footnotes":""},"class_list":["post-40873","page","type-page","status-publish","has-post-thumbnail","hentry"],"_links":{"self":[{"href":"https:\/\/www.jasimabed.com\/index.php?rest_route=\/wp\/v2\/pages\/40873","targetHints":{"allow":["GET"]}}],"collection":[{"href":"https:\/\/www.jasimabed.com\/index.php?rest_route=\/wp\/v2\/pages"}],"about":[{"href":"https:\/\/www.jasimabed.com\/index.php?rest_route=\/wp\/v2\/types\/page"}],"author":[{"embeddable":true,"href":"https:\/\/www.jasimabed.com\/index.php?rest_route=\/wp\/v2\/users\/1"}],"replies":[{"embeddable":true,"href":"https:\/\/www.jasimabed.com\/index.php?rest_route=%2Fwp%2Fv2%2Fcomments&post=40873"}],"version-history":[{"count":1,"href":"https:\/\/www.jasimabed.com\/index.php?rest_route=\/wp\/v2\/pages\/40873\/revisions"}],"predecessor-version":[{"id":40874,"href":"https:\/\/www.jasimabed.com\/index.php?rest_route=\/wp\/v2\/pages\/40873\/revisions\/40874"}],"wp:featuredmedia":[{"embeddable":true,"href":"https:\/\/www.jasimabed.com\/index.php?rest_route=\/wp\/v2\/media\/40869"}],"wp:attachment":[{"href":"https:\/\/www.jasimabed.com\/index.php?rest_route=%2Fwp%2Fv2%2Fmedia&parent=40873"}],"curies":[{"name":"wp","href":"https:\/\/api.w.org\/{rel}","templated":true}]}}