{"id":40880,"date":"2024-08-25T22:50:18","date_gmt":"2024-08-25T19:50:18","guid":{"rendered":"https:\/\/www.jasimabed.com\/?page_id=40880"},"modified":"2024-09-17T11:07:05","modified_gmt":"2024-09-17T08:07:05","slug":"ayetler-hadisler-hikmetler-ve-ahlaklar","status":"publish","type":"page","link":"https:\/\/www.jasimabed.com\/?page_id=40880&lang=tr","title":{"rendered":"Ayetler, hadisler, hikmetler ve ahlaklar"},"content":{"rendered":"<div id=\"pl-gb40880-69f38d0eed3a8\"  class=\"panel-layout\" ><div id=\"pg-gb40880-69f38d0eed3a8-0\"  class=\"panel-grid panel-no-style\" ><div id=\"pgc-gb40880-69f38d0eed3a8-0-0\"  class=\"panel-grid-cell\" ><div id=\"panel-gb40880-69f38d0eed3a8-0-0-0\" class=\"so-panel widget widget_phpeverywherewidget phpeverywherewidget panel-first-child panel-last-child\" data-index=\"0\" ><h3 class=\"widget-title\"> <\/h3><p class=\"MsoNormal\" dir=\"RTL\" style=\"text-align: justify; line-height: normal; direction: ltr; margin-bottom: .0001pt\">\n<span lang=\"AR-IQ\" style=\"font-size: 22.0pt; font-family: Calibri\">&#8211;\n<a href=\"https:\/\/www.jasimabed.com\/?page_id=40873&#038;lang=tr\" style=\"text-decoration: none\">\n<font color=\"#C00000\">O s\u00f6yledi\u011fimiz dualar\u0131n nereye gitti\u011fini ve Ar\u015f&#8217;\u0131n etraf\u0131ndaki tavaflar\u0131n\u0131n s\u0131rr\u0131n\u0131n ne oldu\u011funu biliyor musunuz?<\/font><\/a><\/span><\/p>\n<\/div><\/div><\/div><\/div>\n\n\n<figure class=\"wp-block-embed is-type-wp-embed\"><div class=\"wp-block-embed__wrapper\">\n<blockquote class=\"wp-embedded-content\" data-secret=\"6mr3pI0N4x\"><a href=\"https:\/\/www.jasimabed.com\/?page_id=40873&#038;lang=tr\">O s\u00f6yledi\u011fimiz dualar\u0131n nereye gitti\u011fini ve Ar\u015f&#8217;\u0131n etraf\u0131ndaki tavaflar\u0131n\u0131n s\u0131rr\u0131n\u0131n ne oldu\u011funu biliyor musunuz?<\/a><\/blockquote><iframe loading=\"lazy\" class=\"wp-embedded-content\" sandbox=\"allow-scripts\" security=\"restricted\" style=\"position: absolute; clip: rect(1px, 1px, 1px, 1px);\" title=\"&#8220;O s\u00f6yledi\u011fimiz dualar\u0131n nereye gitti\u011fini ve Ar\u015f&#8217;\u0131n etraf\u0131ndaki tavaflar\u0131n\u0131n s\u0131rr\u0131n\u0131n ne oldu\u011funu biliyor musunuz?&#8221; &#8212; M\u00fch. Jasim Mohammed ABED\" src=\"https:\/\/www.jasimabed.com\/?page_id=40873&#038;lang=tr&#038;embed=true#?secret=ZmK2X5sKDY#?secret=6mr3pI0N4x\" data-secret=\"6mr3pI0N4x\" width=\"500\" height=\"282\" frameborder=\"0\" marginwidth=\"0\" marginheight=\"0\" scrolling=\"no\"><\/iframe>\n<\/div><\/figure>\n\n\n<div id=\"pl-gb40880-69f38d0eedca3\"  class=\"panel-layout\" ><div id=\"pg-gb40880-69f38d0eedca3-0\"  class=\"panel-grid panel-no-style\" ><div id=\"pgc-gb40880-69f38d0eedca3-0-0\"  class=\"panel-grid-cell\" ><div id=\"panel-gb40880-69f38d0eedca3-0-0-0\" class=\"so-panel widget widget_phpeverywherewidget phpeverywherewidget panel-first-child panel-last-child\" data-index=\"0\" ><h3 class=\"widget-title\"> <\/h3><p class=\"MsoNormal\" dir=\"RTL\" style=\"text-align: justify; line-height: normal; direction: ltr; margin-bottom: .0001pt\">\n<span lang=\"AR-IQ\" style=\"font-size: 22.0pt; font-family: Calibri\">&#8211;\n<a href=\"https:\/\/www.jasimabed.com\/?page_id=40940&#038;lang=tr\" style=\"text-decoration: none\">\n<font color=\"#C00000\">Kurtulman\u0131n anahtarlar\u0131<\/font><\/a><\/span><\/p>\n<\/div><\/div><\/div><\/div>\n\n\n<figure class=\"wp-block-embed is-type-wp-embed\"><div class=\"wp-block-embed__wrapper\">\n<blockquote class=\"wp-embedded-content\" data-secret=\"vKUAEqBrc3\"><a href=\"https:\/\/www.jasimabed.com\/?page_id=40940&#038;lang=tr\">Kurtulman\u0131n anahtarlar\u0131<\/a><\/blockquote><iframe loading=\"lazy\" class=\"wp-embedded-content\" sandbox=\"allow-scripts\" security=\"restricted\" style=\"position: absolute; clip: rect(1px, 1px, 1px, 1px);\" title=\"&#8220;Kurtulman\u0131n anahtarlar\u0131&#8221; &#8212; M\u00fch. Jasim Mohammed ABED\" src=\"https:\/\/www.jasimabed.com\/?page_id=40940&#038;lang=tr&#038;embed=true#?secret=X3vJSmPes2#?secret=vKUAEqBrc3\" data-secret=\"vKUAEqBrc3\" width=\"500\" height=\"282\" frameborder=\"0\" marginwidth=\"0\" marginheight=\"0\" scrolling=\"no\"><\/iframe>\n<\/div><\/figure>\n","protected":false},"excerpt":{"rendered":"<div class=\"mh-excerpt\"><\/div>","protected":false},"author":1,"featured_media":40877,"parent":0,"menu_order":0,"comment_status":"closed","ping_status":"closed","template":"","meta":{"footnotes":""},"class_list":["post-40880","page","type-page","status-publish","has-post-thumbnail","hentry"],"_links":{"self":[{"href":"https:\/\/www.jasimabed.com\/index.php?rest_route=\/wp\/v2\/pages\/40880","targetHints":{"allow":["GET"]}}],"collection":[{"href":"https:\/\/www.jasimabed.com\/index.php?rest_route=\/wp\/v2\/pages"}],"about":[{"href":"https:\/\/www.jasimabed.com\/index.php?rest_route=\/wp\/v2\/types\/page"}],"author":[{"embeddable":true,"href":"https:\/\/www.jasimabed.com\/index.php?rest_route=\/wp\/v2\/users\/1"}],"replies":[{"embeddable":true,"href":"https:\/\/www.jasimabed.com\/index.php?rest_route=%2Fwp%2Fv2%2Fcomments&post=40880"}],"version-history":[{"count":3,"href":"https:\/\/www.jasimabed.com\/index.php?rest_route=\/wp\/v2\/pages\/40880\/revisions"}],"predecessor-version":[{"id":40951,"href":"https:\/\/www.jasimabed.com\/index.php?rest_route=\/wp\/v2\/pages\/40880\/revisions\/40951"}],"wp:featuredmedia":[{"embeddable":true,"href":"https:\/\/www.jasimabed.com\/index.php?rest_route=\/wp\/v2\/media\/40877"}],"wp:attachment":[{"href":"https:\/\/www.jasimabed.com\/index.php?rest_route=%2Fwp%2Fv2%2Fmedia&parent=40880"}],"curies":[{"name":"wp","href":"https:\/\/api.w.org\/{rel}","templated":true}]}}