{"id":40909,"date":"2024-08-27T22:08:41","date_gmt":"2024-08-27T19:08:41","guid":{"rendered":"https:\/\/www.jasimabed.com\/?page_id=40909"},"modified":"2024-08-27T22:08:42","modified_gmt":"2024-08-27T19:08:42","slug":"egitici-ve-eglenceli-programlar-ve-oyunlar","status":"publish","type":"page","link":"https:\/\/www.jasimabed.com\/?page_id=40909&lang=tr","title":{"rendered":"E\u011fitici ve e\u011flenceli programlar ve oyunlar"},"content":{"rendered":"<div id=\"pl-gb40909-69f168b6ef59b\"  class=\"panel-layout\" ><div id=\"pg-gb40909-69f168b6ef59b-0\"  class=\"panel-grid panel-no-style\" ><div id=\"pgc-gb40909-69f168b6ef59b-0-0\"  class=\"panel-grid-cell\" ><div id=\"panel-gb40909-69f168b6ef59b-0-0-0\" class=\"so-panel widget widget_phpeverywherewidget phpeverywherewidget panel-first-child panel-last-child\" data-index=\"0\" ><h3 class=\"widget-title\"> <\/h3><ul dir=\"rtl\">\n\t<li dir=\"ltr\">\n\t<p class=\"MsoNormal\" dir=\"ltr\" style=\"margin-bottom:0cm;margin-bottom:.0001pt;\ntext-align:justify;line-height:normal\"><b>\n\t<span lang=\"AR-IQ\" style=\"font-size: 26.0pt; font-family: Calibri; color: #C00000\">\n\t<a href=\"#game1\" style=\"text-decoration: none\"><font color=\"#C00000\">Harfler, say\u0131lar ve resimler oyunu<\/font><\/a><\/span><\/b><\/li>\n<\/ul><\/div><\/div><\/div><div id=\"pg-gb40909-69f168b6ef59b-1\"  class=\"panel-grid panel-no-style\" ><div id=\"pgc-gb40909-69f168b6ef59b-1-0\"  class=\"panel-grid-cell\" ><div id=\"panel-gb40909-69f168b6ef59b-1-0-0\" class=\"so-panel widget widget_phpeverywherewidget phpeverywherewidget panel-first-child panel-last-child\" data-index=\"1\" ><h3 class=\"widget-title\"> <\/h3><hr dir=\"ltr\" \/>\n<p dir=\"ltr\"><font face=\"Calibri\"><a name=\"game1\"><\/a><\/font>\n<span style=\"color:#c00000; font-family:Calibri; font-size:26.0pt\">Harfler, say&#305;lar ve resimler oyunu<\/span><\/p>\n\n<p dir=\"ltr\" style=\"text-align:justify\">\n<span style=\"font-family:Calibri; font-size:22.0pt\">&#304;nternet \u00fczerinden \u00e7al&#305;&#351;an, internete ba&#287;l&#305; t\u00fcm masa\u00fcst\u00fc, diz\u00fcst\u00fc, tablet bilgisayarlar ve t\u00fcm cep telefonlar&#305;nda kullan&#305;labilen e&#287;itsel bir oyundur.<\/span><\/p>\n<p dir=\"ltr\" style=\"text-align:justify\">\n<span style=\"font-family:Calibri; font-size:22.0pt\">Oyun, Arap\u00e7a, T\u00fcrk\u00e7e veya &#304;ngilizce alfabe harflerini, rakamlar&#305;n&#305; veya kesilmi&#351; baz&#305; resimleri d\u00fczensiz ve ard&#305;&#351;&#305;k olmayan bir &#351;ekilde g\u00f6r\u00fcnt\u00fclemeyi ve bunlar&#305;n do&#287;ru &#351;ekil ve s&#305;raya g\u00f6re yeniden d\u00fczenlenmesini gerektiren bir dizi se\u00e7ene&#287;i i\u00e7erir.<\/span><\/p>\n\n<p dir=\"ltr\" style=\"text-align:justify\">\n<span style=\"font-family:Calibri; font-size:22.0pt\">Talimatlar ve oyun ad&#305;mlar&#305;:<\/span><\/p>\n\n<p dir=\"ltr\" style=\"text-align:justify\">\n<span style=\"font-family:Calibri; font-size:22.0pt\">1. A&#351;a&#287;&#305;daki ba&#287;lant&#305;lardan birinde bulunan oyun sayfas&#305; ba&#287;lant&#305;s&#305;na taray&#305;c&#305;n&#305;z&#305; a\u00e7&#305;n:<\/span><\/p>\n\n<p style=\"text-align:justify\" dir=\"ltr\"><font face=\"Calibri\"><span style=\"font-size:20.0pt\"><a href=\"https:\/\/www.jasimabed.com\/?page_id=40848\" style=\"color: blue; text-decoration: underline; text-underline: single\">https:\/\/www.jasimabed.com\/?page_id=40848<\/a><\/span><\/font><\/p>\n\n<p style=\"text-align:justify\" dir=\"ltr\"><font face=\"Calibri\"><span style=\"font-size:19.5pt\"><a href=\"https:\/\/www.jasimabed.com\/?page_id=40851&#038;lang=tr\" style=\"color: blue; text-decoration: underline; text-underline: single\">https:\/\/www.jasimabed.com\/?page_id=40851&#038;lang=tr<\/a><\/span><\/font><\/p>\n\n<p style=\"text-align:justify\" dir=\"ltr\"><font face=\"Calibri\"><span style=\"font-size:19.5pt\"><a href=\"https:\/\/www.jasimabed.com\/?page_id=40853&#038;lang=en\" style=\"color: blue; text-decoration: underline; text-underline: single\">https:\/\/www.jasimabed.com\/?page_id=40853&#038;lang=en<\/a><\/span><\/font><\/p>\n\n<p dir=\"ltr\" style=\"text-align:justify\">\n<span style=\"font-family:Calibri; font-size:22.0pt\">Veya ba&#287;lant&#305;:<\/span><\/p>\n\n<p style=\"text-align:justify\" dir=\"ltr\"><font face=\"Calibri\"><span style=\"font-size:22.0pt\"><a href=\"https:\/\/games.jasimabed.net\/01_LNP\/index.php\" style=\"color: blue; text-decoration: underline; text-underline: single\">https:\/\/games.jasimabed.net\/01_LNP\/index.php<\/a> <\/span>\n<\/font><\/p>\n\n<p dir=\"ltr\" style=\"text-align:justify\">\n<span style=\"font-family:Calibri; font-size:22.0pt\">Veya k&#305;sa ba&#287;lant&#305;lar:<\/span><\/p>\n\n<div>\n<table border=\"1\" cellpadding=\"0\" cellspacing=\"0\" class=\"MsoTableGrid\" dir=\"rtl\" style=\"border-collapse:collapse; border:medium none\">\n\t<tbody>\n\t\t<tr>\n\t\t\t<td style=\"border-color:black; border-style:solid; border-width:1.0pt; vertical-align:top; width:226.5pt\">\n\t\t\t<p dir=\"LTR\" style=\"text-align:justify\"><font face=\"Calibri\"><span style=\"font-size:19.5pt\"><a href=\"https:\/\/bit.ly\/473dC4x\" style=\"color: blue; text-decoration: underline; text-underline: single\">https:\/\/bit.ly\/473dC4x<\/a><\/span><\/font><\/p>\n\t\t\t<\/td>\n\t\t\t<td style=\"border-bottom:1.0pt solid windowtext; border-left:1.0pt solid windowtext; border-right:medium none; border-top:1.0pt solid windowtext; vertical-align:top; width:226.55pt\">\n\t\t\t<p dir=\"LTR\" style=\"text-align:justify\"><font face=\"Calibri\"><span style=\"font-size:19.5pt\"><a href=\"https:\/\/t.ly\/Pqdar\" style=\"color: blue; text-decoration: underline; text-underline: single\">https:\/\/t.ly\/Pqdar<\/a><\/span><\/font><\/p>\n\t\t\t<\/td>\n\t\t<\/tr>\n\t\t<tr>\n\t\t\t<td style=\"border-bottom:1.0pt solid windowtext; border-left:1.0pt solid windowtext; border-right:1.0pt solid windowtext; border-top:medium none; vertical-align:top; width:226.5pt\">\n\t\t\t<p dir=\"LTR\" style=\"text-align:justify\"><font face=\"Calibri\"><span style=\"font-size:19.5pt\"><a href=\"https:\/\/bit.ly\/3YURxDv\" style=\"color: blue; text-decoration: underline; text-underline: single\">https:\/\/bit.ly\/3YURxDv<\/a><\/span><\/font><\/p>\n\t\t\t<\/td>\n\t\t\t<td style=\"border-bottom:1.0pt solid windowtext; border-left:1.0pt solid windowtext; border-right:medium none; border-top:medium none; vertical-align:top; width:226.55pt\">\n\t\t\t<p dir=\"LTR\" style=\"text-align:justify\"><font face=\"Calibri\"><span style=\"font-size:19.5pt\"><a href=\"https:\/\/t.ly\/dt_bp\" style=\"color: blue; text-decoration: underline; text-underline: single\">https:\/\/t.ly\/dt_bp<\/a><\/span><\/font><\/p>\n\t\t\t<\/td>\n\t\t<\/tr>\n\t\t<tr>\n\t\t\t<td style=\"border-bottom:1.0pt solid windowtext; border-left:1.0pt solid windowtext; border-right:1.0pt solid windowtext; border-top:medium none; vertical-align:top; width:226.5pt\">\n\t\t\t<p dir=\"LTR\" style=\"text-align:justify\"><font face=\"Calibri\"><span style=\"font-size:19.5pt\"><a href=\"https:\/\/bit.ly\/3T4kglD\" style=\"color: blue; text-decoration: underline; text-underline: single\">https:\/\/bit.ly\/3T4kglD<\/a><\/span><\/font><\/p>\n\t\t\t<\/td>\n\t\t\t<td style=\"border-bottom:1.0pt solid windowtext; border-left:1.0pt solid windowtext; border-right:medium none; border-top:medium none; vertical-align:top; width:226.55pt\">\n\t\t\t<p dir=\"LTR\" style=\"text-align:justify\"><font face=\"Calibri\"><span style=\"font-size:19.5pt\"><a href=\"https:\/\/t.ly\/g9uI9\" style=\"color: blue; text-decoration: underline; text-underline: single\">https:\/\/t.ly\/g9uI9<\/a><\/span><\/font><\/p>\n\t\t\t<\/td>\n\t\t<\/tr>\n\t\t<tr>\n\t\t\t<td style=\"border-bottom:1.0pt solid windowtext; border-left:1.0pt solid windowtext; border-right:1.0pt solid windowtext; border-top:medium none; vertical-align:top; width:226.5pt\">\n\t\t\t<p dir=\"LTR\" style=\"text-align:justify\"><font face=\"Calibri\"><span style=\"font-size:19.5pt\"><a href=\"https:\/\/bit.ly\/4cFyW1a\" style=\"color: blue; text-decoration: underline; text-underline: single\">https:\/\/bit.ly\/4cFyW1a<\/a> <\/span>\n\t\t\t<\/font><\/p>\n\t\t\t<\/td>\n\t\t\t<td style=\"border-bottom:1.0pt solid windowtext; border-left:1.0pt solid windowtext; border-right:medium none; border-top:medium none; vertical-align:top; width:226.55pt\">\n\t\t\t<p dir=\"LTR\" style=\"text-align:justify\"><font face=\"Calibri\"><span style=\"font-size:19.5pt\"><a href=\"https:\/\/t.ly\/0zQW2\" style=\"color: blue; text-decoration: underline; text-underline: single\">https:\/\/t.ly\/0zQW2<\/a><\/span><\/font><\/p>\n\t\t\t<\/td>\n\t\t<\/tr>\n\t<\/tbody>\n<\/table>\n<\/div>\n<p style=\"text-align:justify\" dir=\"ltr\">\n<span style=\"font-family:Calibri; font-size:22.0pt\">2. Oyun sayfas\u0131 a\u00e7\u0131lacakt\u0131r.\n<\/span><\/p>\n\n<p dir=\"ltr\" style=\"text-align:justify\">\n<span style=\"font-family:Calibri; font-size:22.0pt\">3. A\u00e7\u0131l\u0131r men\u00fcye t\u0131klay\u0131n:<\/span><\/p>\n\n<p dir=\"ltr\" style=\"text-align:center\"><strong>\n<span style=\"color:#002060; font-family:Calibri; font-size:22.0pt\">\u0627\u062e\u062a\u0631 \u0635\u0648\u0631\u0629 &#8211; <\/span>\n<font face=\"Calibri\"><span dir=\"LTR\" style=\"color:#002060; font-size:22.0pt\"> Select Image &#8211; Foto&#287;raf Se\u00e7<\/span><\/font><\/strong><\/p>\n<p dir=\"ltr\" style=\"text-align:justify\">\n<span style=\"font-family:Calibri; font-size:22.0pt\">Se\u00e7enekler listesi g\u00f6r\u00fcn\u00fcr:<\/span><\/p>\n\n<p dir=\"ltr\" style=\"margin-left:0cm; margin-right:-.05pt\">\n<span style=\"font-family:Calibri; font-size:22.0pt\">Say\u0131lar, Arap alfabesi, baz\u0131 resimler, \u0130ngilizce alfabe, T\u00fcrk\u00e7e alfabe<\/span><\/p>\n\n<p dir=\"ltr\" style=\"text-align:justify\">\n<span style=\"font-family:Calibri; font-size:22.0pt\">4. <strong><span style=\"color:#002060\">[Say\u0131lar]<\/span><\/strong> se\u00e7ene\u011fini se\u00e7ti\u011finizde, a\u00e7\u0131l\u0131r liste g\u00f6r\u00fcn\u00fcr:<\/span><\/p>\n\n<p dir=\"ltr\" style=\"text-align:center\"><strong>\n<span style=\"color:#002060; font-family:Calibri; font-size:22.0pt\">&#1575;&#1604;&#1571;&#1576;&#1593;&#1575;&#1583; &#8211; <\/span>\n<font face=\"Calibri\"><span dir=\"LTR\" style=\"color:#002060; font-size:22.0pt\"> Dimensions &#8211; Boyutlar<\/span><\/font><span style=\"color:#002060; font-family:Calibri; font-size:22.0pt\"> <\/span><\/strong><\/p>\n<p dir=\"ltr\" style=\"text-align:justify\">\n<span style=\"font-family:Calibri; font-size:22.0pt\">Bu listede resim boyut se\u00e7enekleri yer almaktad\u0131r:<\/span><\/p>\n<p dir=\"ltr\" style=\"text-align:center\">\n<span style=\"font-family:Calibri; font-size:22.0pt\">Par\u00e7a say\u0131s\u0131: {S\u00fctun say\u0131s\u0131 \u00d7 \u00c7izgi say\u0131s\u0131}<\/span><\/p>\n\n<p dir=\"ltr\" style=\"text-align:center\">\n<span style=\"font-family:Calibri; font-size:22.0pt\">3 \u00d7 3 &#8230; &#8230; &#8230; 10 \u00d7 10<\/span><\/p>\n\n<p dir=\"ltr\" style=\"text-align:justify\">\n<span style=\"font-family:Calibri; font-size:22.0pt\">Di\u011fer se\u00e7eneklerde ise par\u00e7a say\u0131s\u0131 sabit oldu\u011fu i\u00e7in boyut listesi g\u00f6z\u00fckmemektedir:<\/span><\/p>\n\n<p dir=\"ltr\" style=\"text-align:center\">\n<span style=\"font-family:Calibri; font-size:22.0pt\">Par\u00e7a say\u0131s\u0131: {S\u00fctun say\u0131s\u0131 \u00d7 \u00c7izgi say\u0131s\u0131}<\/span><\/p>\n\n<p dir=\"ltr\" style=\"text-align:center\">\n<span style=\"font-family:Calibri; font-size:22.0pt\">Arap alfabesi: 5 \u00d7 6<\/span><\/p>\n\n<p dir=\"ltr\" style=\"text-align:center\">\n<span style=\"font-family:Calibri; font-size:22.0pt\">Baz\u0131 resimler: 3 \u00d7 3 &#8230;&#8230;.. 4 \u00d7 4<\/span><\/p>\n\n<p dir=\"ltr\" style=\"text-align:center\">\n<span style=\"font-family:Calibri; font-size:22.0pt\">\u0130ngilizce alfabesi: 4 \u00d7 7<\/span><\/p>\n\n<p dir=\"ltr\" style=\"text-align:center\">\n<span style=\"font-family:Calibri; font-size:22.0pt\">T\u00fcrk\u00e7e alfabesi: 5 \u00d7 6<\/span><\/p>\n\n<p dir=\"ltr\" style=\"text-align:justify\">\n<span style=\"font-family:Calibri; font-size:22.0pt\">5. \u00d6rne\u011fin se\u00e7enekler listesinden say\u0131lar se\u00e7ene\u011fini se\u00e7ti\u011finizde, boyutlar: 3 \u00d7 3 se\u00e7iliyken, ard\u0131ndan \u015fu simgeye bast\u0131\u011f\u0131n\u0131zda:<\/span><\/p>\n\n<p dir=\"ltr\" style=\"text-align:center\"><strong>\n<span style=\"color:#002060; font-family:Calibri; font-size:22.0pt\">&#1575;&#1582;&#1578;&#1585; \u2013 <\/span>\n<font face=\"Calibri\"><span dir=\"LTR\" style=\"color:#002060; font-size:22.0pt\">Select \u2013 Se\u00e7<\/span><\/font><\/strong><\/p>\n\n<p dir=\"ltr\" style=\"text-align:justify\">\n<span style=\"font-family:Calibri; font-size:22.0pt\">Oyunun bir sonraki sayfas\u0131 gelir; ve burada g\u00f6sterilen par\u00e7alar\u0131n s\u0131ras\u0131na dikkat etmelisiniz \u00e7\u00fcnk\u00fc yapman\u0131z gereken daha sonra bu s\u0131raya g\u00f6re da\u011f\u0131lm\u0131\u015f par\u00e7alar\u0131 d\u00fczenlemektir. Sa\u011fda ge\u00e7en s\u00fcre, solda ise t\u0131klama say\u0131s\u0131 g\u00f6r\u00fcnecektir.\n<\/span><\/p>\n\n<p dir=\"ltr\" style=\"text-align:justify\">\n<span style=\"font-family:Calibri; font-size:22.0pt\">6. Oynamaya ba\u015flamak i\u00e7in \u015fu simgeye bas\u0131n:<\/span><\/p>\n\n<p dir=\"ltr\" style=\"text-align:center\"><strong>\n<span style=\"color:#002060; font-family:Calibri; font-size:22.0pt\">&#1575;&#1576;&#1583;&#1571; \u2013 <\/span>\n<font face=\"Calibri\"><span dir=\"LTR\" style=\"color:#002060; font-size:22.0pt\">Start \u2013 Ba&#351;la<\/span><\/font><\/strong><\/p>\n<p dir=\"ltr\" style=\"text-align:justify\">\n<span style=\"font-family:Calibri; font-size:22.0pt\">Bir sonraki sayfa g\u00f6r\u00fcnecektir; Par\u00e7alar\u0131n rastgele s\u0131ras\u0131na g\u00f6re.<\/span><\/p>\n\n<p dir=\"ltr\" style=\"text-align:justify\">\n<span style=\"font-family:Calibri; font-size:22.0pt\">7. Sadece bo\u015flu\u011fun sa\u011f\u0131nda, solunda, \u00fcst\u00fcnde veya alt\u0131nda bulunan par\u00e7ay\u0131 hareket ettirebilirsiniz {e\u011fer varsa}; bu, hareket ettirmek istedi\u011finiz par\u00e7aya t\u0131klayarak yap\u0131l\u0131r, b\u00f6ylece bo\u015flu\u011fu de\u011fi\u015ftirmek i\u00e7in hareket eder.<\/span><\/p>\n \n<p dir=\"ltr\" style=\"text-align:justify\">\n<span style=\"font-family:Calibri; font-size:22.0pt\">8. \u0130lk seferde g\u00f6r\u00fcnen do\u011fru s\u0131raya ula\u015fana kadar par\u00e7alar\u0131 hareket ettirmeye devam edin; ard\u0131ndan bo\u015fluk otomatik olarak do\u011fru kalan par\u00e7a ile doldurulacak ve ad\u0131 girip kaydetmek m\u00fcmk\u00fcn olacak ve t\u0131klama veya hareket say\u0131s\u0131 ne kadar azsa; ad\u0131n listenin en \u00fcst\u00fcnde g\u00f6r\u00fcnme olas\u0131l\u0131\u011f\u0131 o kadar y\u00fcksek olacakt\u0131r.<\/span><\/p>\n\n<p dir=\"ltr\" style=\"text-align:justify\">\n<span style=\"font-family:Calibri; font-size:22.0pt\">9. Oyunu tamamlayamazsan\u0131z ve tekrar oynamak istiyorsan\u0131z veya se\u00e7enekleri de\u011fi\u015ftirmek istiyorsan\u0131z; bunu yenileme simgesine t\u0131klayarak veya taray\u0131c\u0131 sayfas\u0131n\u0131 yenileyerek yapabilirsiniz.<\/span><\/p>\n\n<\/div><\/div><\/div><div id=\"pg-gb40909-69f168b6ef59b-2\"  class=\"panel-grid panel-no-style\" ><div id=\"pgc-gb40909-69f168b6ef59b-2-0\"  class=\"panel-grid-cell\" ><div id=\"panel-gb40909-69f168b6ef59b-2-0-0\" class=\"so-panel widget widget_media_video panel-first-child panel-last-child\" data-index=\"2\" ><div style=\"width:100%;\" class=\"wp-video\"><!--[if lt IE 9]><script>document.createElement('video');<\/script><![endif]-->\n<video class=\"wp-video-shortcode\" id=\"video-40909-1\" preload=\"metadata\" controls=\"controls\"><source type=\"video\/youtube\" src=\"https:\/\/www.youtube.com\/watch?v=_XfCYldQFow&#038;_=1\" \/><a href=\"https:\/\/www.youtube.com\/watch?v=_XfCYldQFow\">https:\/\/www.youtube.com\/watch?v=_XfCYldQFow<\/a><\/video><\/div><\/div><\/div><\/div><\/div>","protected":false},"excerpt":{"rendered":"<div class=\"mh-excerpt\"><\/div>","protected":false},"author":1,"featured_media":40858,"parent":0,"menu_order":0,"comment_status":"closed","ping_status":"closed","template":"","meta":{"footnotes":""},"class_list":["post-40909","page","type-page","status-publish","has-post-thumbnail","hentry"],"_links":{"self":[{"href":"https:\/\/www.jasimabed.com\/index.php?rest_route=\/wp\/v2\/pages\/40909","targetHints":{"allow":["GET"]}}],"collection":[{"href":"https:\/\/www.jasimabed.com\/index.php?rest_route=\/wp\/v2\/pages"}],"about":[{"href":"https:\/\/www.jasimabed.com\/index.php?rest_route=\/wp\/v2\/types\/page"}],"author":[{"embeddable":true,"href":"https:\/\/www.jasimabed.com\/index.php?rest_route=\/wp\/v2\/users\/1"}],"replies":[{"embeddable":true,"href":"https:\/\/www.jasimabed.com\/index.php?rest_route=%2Fwp%2Fv2%2Fcomments&post=40909"}],"version-history":[{"count":2,"href":"https:\/\/www.jasimabed.com\/index.php?rest_route=\/wp\/v2\/pages\/40909\/revisions"}],"predecessor-version":[{"id":40914,"href":"https:\/\/www.jasimabed.com\/index.php?rest_route=\/wp\/v2\/pages\/40909\/revisions\/40914"}],"wp:featuredmedia":[{"embeddable":true,"href":"https:\/\/www.jasimabed.com\/index.php?rest_route=\/wp\/v2\/media\/40858"}],"wp:attachment":[{"href":"https:\/\/www.jasimabed.com\/index.php?rest_route=%2Fwp%2Fv2%2Fmedia&parent=40909"}],"curies":[{"name":"wp","href":"https:\/\/api.w.org\/{rel}","templated":true}]}}