{"id":40969,"date":"2024-09-24T15:50:51","date_gmt":"2024-09-24T12:50:51","guid":{"rendered":"https:\/\/www.jasimabed.com\/?page_id=40969"},"modified":"2024-09-24T15:51:09","modified_gmt":"2024-09-24T12:51:09","slug":"sirlar-kutuphanesi-ve-karanlik-caglar","status":"publish","type":"page","link":"https:\/\/www.jasimabed.com\/?page_id=40969&lang=tr","title":{"rendered":"S\u0131rlar K\u00fct\u00fcphanesi ve \u201cKaranl\u0131k \u00c7a\u011flar\u201d"},"content":{"rendered":"\n<p>1001 \u0130cat ve S\u0131rlar K\u00fct\u00fcphanesi<br>S\u0131rlar K\u00fct\u00fcphanesi ve \u201cKaranl\u0131k \u00c7a\u011flar\u201d<\/p>\n\n\n\n<p>Bir grup gen\u00e7 okul \u00e7ocu\u011fu, \u00f6\u011fretmenleri onlar\u0131 \u201cKaranl\u0131k \u00c7a\u011flar\u201d olarak bilinen d\u00f6nemi ara\u015ft\u0131rmaya ve g\u00fcn\u00fcm\u00fcz medeniyetiyle ili\u015fkisini bulmaya te\u015fvik ettikten sonra tozlu eski bir k\u00fct\u00fcphaneyi ziyaret etmek i\u00e7in bir geziye \u00e7\u0131karlar; bu, gizemli bir k\u00fct\u00fcphaneciyle (&#8220;K\u00fct\u00fcphaneci&#8221; rol\u00fcnde &#8220;Sir Ben Kingsley&#8221;) tan\u0131\u015fana kadar ho\u015flar\u0131na gitmeyen bir g\u00f6revdir; k\u00fct\u00fcphaneci onlar\u0131 ge\u00e7mi\u015fe bir yolculu\u011fa \u00e7\u0131kar\u0131r ve 7. ve 17. y\u00fczy\u0131llar aras\u0131nda M\u00fcsl\u00fcman d\u00fcnyas\u0131nda ger\u00e7ekle\u015fen bin y\u0131ll\u0131k bilimsel ve k\u00fclt\u00fcrel m\u00fckemmelli\u011fi ortaya \u00e7\u0131kar\u0131r.<br>Bulduklar\u0131 \u015fey, bilim ve k\u00fclt\u00fcr\u00fcn yarat\u0131c\u0131 mucitleri ve \u00f6nc\u00fcleri canl\u0131 bir \u015fekilde canland\u0131r\u0131ld\u0131k\u00e7a d\u00fcnya g\u00f6r\u00fc\u015flerini \u00f6nemli \u00f6l\u00e7\u00fcde de\u011fi\u015ftirir.<\/p>\n\n\n\n<figure class=\"wp-block-embed is-type-video is-provider-youtube wp-block-embed-youtube wp-embed-aspect-16-9 wp-has-aspect-ratio\"><div class=\"wp-block-embed__wrapper\">\n<iframe loading=\"lazy\" title=\"[HD EDITION] 1001 Icat ve S\u0131rlar K\u00fct\u00fcphanesi- Sir Ben Kingsley (Turkish)\" width=\"500\" height=\"281\" src=\"https:\/\/www.youtube.com\/embed\/ZZNg5-FdYiI?feature=oembed\" frameborder=\"0\" allow=\"accelerometer; autoplay; clipboard-write; encrypted-media; gyroscope; picture-in-picture; web-share\" referrerpolicy=\"strict-origin-when-cross-origin\" allowfullscreen><\/iframe>\n<\/div><\/figure>\n","protected":false},"excerpt":{"rendered":"<div class=\"mh-excerpt\"><p>1001 \u0130cat ve S\u0131rlar K\u00fct\u00fcphanesiS\u0131rlar K\u00fct\u00fcphanesi ve \u201cKaranl\u0131k \u00c7a\u011flar\u201d Bir grup gen\u00e7 okul \u00e7ocu\u011fu, \u00f6\u011fretmenleri onlar\u0131 \u201cKaranl\u0131k \u00c7a\u011flar\u201d olarak bilinen d\u00f6nemi ara\u015ft\u0131rmaya ve g\u00fcn\u00fcm\u00fcz medeniyetiyle <a class=\"mh-excerpt-more\" href=\"https:\/\/www.jasimabed.com\/?page_id=40969&#038;lang=tr\" title=\"S\u0131rlar K\u00fct\u00fcphanesi ve \u201cKaranl\u0131k \u00c7a\u011flar\u201d\">[&#8230;]<\/a><\/p>\n<\/div>","protected":false},"author":1,"featured_media":40967,"parent":0,"menu_order":0,"comment_status":"closed","ping_status":"closed","template":"","meta":{"footnotes":""},"class_list":["post-40969","page","type-page","status-publish","has-post-thumbnail","hentry"],"_links":{"self":[{"href":"https:\/\/www.jasimabed.com\/index.php?rest_route=\/wp\/v2\/pages\/40969","targetHints":{"allow":["GET"]}}],"collection":[{"href":"https:\/\/www.jasimabed.com\/index.php?rest_route=\/wp\/v2\/pages"}],"about":[{"href":"https:\/\/www.jasimabed.com\/index.php?rest_route=\/wp\/v2\/types\/page"}],"author":[{"embeddable":true,"href":"https:\/\/www.jasimabed.com\/index.php?rest_route=\/wp\/v2\/users\/1"}],"replies":[{"embeddable":true,"href":"https:\/\/www.jasimabed.com\/index.php?rest_route=%2Fwp%2Fv2%2Fcomments&post=40969"}],"version-history":[{"count":1,"href":"https:\/\/www.jasimabed.com\/index.php?rest_route=\/wp\/v2\/pages\/40969\/revisions"}],"predecessor-version":[{"id":40970,"href":"https:\/\/www.jasimabed.com\/index.php?rest_route=\/wp\/v2\/pages\/40969\/revisions\/40970"}],"wp:featuredmedia":[{"embeddable":true,"href":"https:\/\/www.jasimabed.com\/index.php?rest_route=\/wp\/v2\/media\/40967"}],"wp:attachment":[{"href":"https:\/\/www.jasimabed.com\/index.php?rest_route=%2Fwp%2Fv2%2Fmedia&parent=40969"}],"curies":[{"name":"wp","href":"https:\/\/api.w.org\/{rel}","templated":true}]}}