{"id":41029,"date":"2024-10-27T14:17:33","date_gmt":"2024-10-27T11:17:33","guid":{"rendered":"https:\/\/www.jasimabed.com\/?page_id=41029"},"modified":"2024-10-27T14:52:01","modified_gmt":"2024-10-27T11:52:01","slug":"cesitli-ve-farkli","status":"publish","type":"page","link":"https:\/\/www.jasimabed.com\/?page_id=41029&lang=tr","title":{"rendered":"\u00c7e\u015fitli ve farkl\u0131"},"content":{"rendered":"\n<figure class=\"wp-block-embed is-type-wp-embed\"><div class=\"wp-block-embed__wrapper\">\n<blockquote class=\"wp-embedded-content\" data-secret=\"lhAwArh1Tv\"><a href=\"https:\/\/www.jasimabed.com\/?page_id=41035&#038;lang=tr\">\u00c7e\u015fitli ve farkl\u0131 &#8211; 1<\/a><\/blockquote><iframe loading=\"lazy\" class=\"wp-embedded-content\" sandbox=\"allow-scripts\" security=\"restricted\" style=\"position: absolute; visibility: hidden;\" title=\"&#8220;\u00c7e\u015fitli ve farkl\u0131 &#8211; 1&#8221; &#8212; \u0627\u0644\u0645\u0647\u0646\u062f\u0633: \u062c\u0627\u0633\u0645 \u0645\u062d\u0645\u062f \u0639\u0628\u062f\" src=\"https:\/\/www.jasimabed.com\/?page_id=41035&#038;lang=tr&#038;embed=true#?secret=ZQTN9TLzf7#?secret=lhAwArh1Tv\" data-secret=\"lhAwArh1Tv\" width=\"500\" height=\"282\" frameborder=\"0\" marginwidth=\"0\" marginheight=\"0\" scrolling=\"no\"><\/iframe>\n<\/div><\/figure>\n","protected":false},"excerpt":{"rendered":"<div class=\"mh-excerpt\"><\/div>","protected":false},"author":1,"featured_media":41025,"parent":0,"menu_order":0,"comment_status":"closed","ping_status":"closed","template":"","meta":{"footnotes":""},"class_list":["post-41029","page","type-page","status-publish","has-post-thumbnail","hentry"],"_links":{"self":[{"href":"https:\/\/www.jasimabed.com\/index.php?rest_route=\/wp\/v2\/pages\/41029","targetHints":{"allow":["GET"]}}],"collection":[{"href":"https:\/\/www.jasimabed.com\/index.php?rest_route=\/wp\/v2\/pages"}],"about":[{"href":"https:\/\/www.jasimabed.com\/index.php?rest_route=\/wp\/v2\/types\/page"}],"author":[{"embeddable":true,"href":"https:\/\/www.jasimabed.com\/index.php?rest_route=\/wp\/v2\/users\/1"}],"replies":[{"embeddable":true,"href":"https:\/\/www.jasimabed.com\/index.php?rest_route=%2Fwp%2Fv2%2Fcomments&post=41029"}],"version-history":[{"count":2,"href":"https:\/\/www.jasimabed.com\/index.php?rest_route=\/wp\/v2\/pages\/41029\/revisions"}],"predecessor-version":[{"id":41041,"href":"https:\/\/www.jasimabed.com\/index.php?rest_route=\/wp\/v2\/pages\/41029\/revisions\/41041"}],"wp:featuredmedia":[{"embeddable":true,"href":"https:\/\/www.jasimabed.com\/index.php?rest_route=\/wp\/v2\/media\/41025"}],"wp:attachment":[{"href":"https:\/\/www.jasimabed.com\/index.php?rest_route=%2Fwp%2Fv2%2Fmedia&parent=41029"}],"curies":[{"name":"wp","href":"https:\/\/api.w.org\/{rel}","templated":true}]}}