{"id":41035,"date":"2024-10-27T14:24:51","date_gmt":"2024-10-27T11:24:51","guid":{"rendered":"https:\/\/www.jasimabed.com\/?page_id=41035"},"modified":"2024-10-28T20:26:55","modified_gmt":"2024-10-28T17:26:55","slug":"cesitli-ve-farkli-1","status":"publish","type":"page","link":"https:\/\/www.jasimabed.com\/?page_id=41035&lang=tr","title":{"rendered":"\u00c7e\u015fitli ve farkl\u0131 &#8211; 1"},"content":{"rendered":"\n\n","protected":false},"excerpt":{"rendered":"<div class=\"mh-excerpt\"><\/div>","protected":false},"author":1,"featured_media":41025,"parent":0,"menu_order":0,"comment_status":"closed","ping_status":"closed","template":"","meta":{"footnotes":""},"class_list":["post-41035","page","type-page","status-publish","has-post-thumbnail","hentry"],"_links":{"self":[{"href":"https:\/\/www.jasimabed.com\/index.php?rest_route=\/wp\/v2\/pages\/41035","targetHints":{"allow":["GET"]}}],"collection":[{"href":"https:\/\/www.jasimabed.com\/index.php?rest_route=\/wp\/v2\/pages"}],"about":[{"href":"https:\/\/www.jasimabed.com\/index.php?rest_route=\/wp\/v2\/types\/page"}],"author":[{"embeddable":true,"href":"https:\/\/www.jasimabed.com\/index.php?rest_route=\/wp\/v2\/users\/1"}],"replies":[{"embeddable":true,"href":"https:\/\/www.jasimabed.com\/index.php?rest_route=%2Fwp%2Fv2%2Fcomments&post=41035"}],"version-history":[{"count":3,"href":"https:\/\/www.jasimabed.com\/index.php?rest_route=\/wp\/v2\/pages\/41035\/revisions"}],"predecessor-version":[{"id":41064,"href":"https:\/\/www.jasimabed.com\/index.php?rest_route=\/wp\/v2\/pages\/41035\/revisions\/41064"}],"wp:featuredmedia":[{"embeddable":true,"href":"https:\/\/www.jasimabed.com\/index.php?rest_route=\/wp\/v2\/media\/41025"}],"wp:attachment":[{"href":"https:\/\/www.jasimabed.com\/index.php?rest_route=%2Fwp%2Fv2%2Fmedia&parent=41035"}],"curies":[{"name":"wp","href":"https:\/\/api.w.org\/{rel}","templated":true}]}}