{"id":41200,"date":"2025-01-22T13:52:17","date_gmt":"2025-01-22T10:52:17","guid":{"rendered":"https:\/\/www.jasimabed.com\/?page_id=41200"},"modified":"2025-01-22T13:52:19","modified_gmt":"2025-01-22T10:52:19","slug":"islamin-temelinde-ve-ahkam-kurallarinda-kirk-hadis-nevevi-kirk-hadisi-olarak-bilinir","status":"publish","type":"page","link":"https:\/\/www.jasimabed.com\/?page_id=41200&lang=tr","title":{"rendered":"&#8220;\u0130slam\u0131n Temelinde ve Ahkam Kurallar\u0131nda K\u0131rk Hadis&#8221; &#8220;NEVEV\u0130 KIRK HAD\u0130S\u0130&#8221; olarak bilinir"},"content":{"rendered":"","protected":false},"excerpt":{"rendered":"<div class=\"mh-excerpt\"><\/div>","protected":false},"author":1,"featured_media":40349,"parent":0,"menu_order":0,"comment_status":"closed","ping_status":"closed","template":"","meta":{"footnotes":""},"class_list":["post-41200","page","type-page","status-publish","has-post-thumbnail","hentry"],"_links":{"self":[{"href":"https:\/\/www.jasimabed.com\/index.php?rest_route=\/wp\/v2\/pages\/41200","targetHints":{"allow":["GET"]}}],"collection":[{"href":"https:\/\/www.jasimabed.com\/index.php?rest_route=\/wp\/v2\/pages"}],"about":[{"href":"https:\/\/www.jasimabed.com\/index.php?rest_route=\/wp\/v2\/types\/page"}],"author":[{"embeddable":true,"href":"https:\/\/www.jasimabed.com\/index.php?rest_route=\/wp\/v2\/users\/1"}],"replies":[{"embeddable":true,"href":"https:\/\/www.jasimabed.com\/index.php?rest_route=%2Fwp%2Fv2%2Fcomments&post=41200"}],"version-history":[{"count":1,"href":"https:\/\/www.jasimabed.com\/index.php?rest_route=\/wp\/v2\/pages\/41200\/revisions"}],"predecessor-version":[{"id":41201,"href":"https:\/\/www.jasimabed.com\/index.php?rest_route=\/wp\/v2\/pages\/41200\/revisions\/41201"}],"wp:featuredmedia":[{"embeddable":true,"href":"https:\/\/www.jasimabed.com\/index.php?rest_route=\/wp\/v2\/media\/40349"}],"wp:attachment":[{"href":"https:\/\/www.jasimabed.com\/index.php?rest_route=%2Fwp%2Fv2%2Fmedia&parent=41200"}],"curies":[{"name":"wp","href":"https:\/\/api.w.org\/{rel}","templated":true}]}}